{"id":1973,"date":"2025-05-30T16:31:55","date_gmt":"2025-05-30T14:31:55","guid":{"rendered":"https:\/\/vittofood.com\/?post_type=product&#038;p=1973"},"modified":"2026-01-26T12:59:29","modified_gmt":"2026-01-26T11:59:29","slug":"instant-linsensuppe-mit-scharfer-wuerze","status":"publish","type":"product","link":"https:\/\/vittofood.com\/de\/produkt\/instant-nudeln-suppen\/instant-linsensuppe-mit-scharfer-wuerze\/","title":{"rendered":"Instant-Linsensuppe mit scharfer W\u00fcrze"},"content":{"rendered":"<p>Eine kr\u00e4ftige Linsensuppe mit feurigen Gew\u00fcrzen, fertig in 5 Minuten. Perfekt als warme, praktische Mahlzeit f\u00fcr aktive Verbraucher.<\/p>\n","protected":false},"excerpt":{"rendered":"<p>Linsensuppe mit w\u00fcrziger W\u00fcrzmischung<\/p>\n","protected":false},"featured_media":1978,"comment_status":"closed","ping_status":"closed","template":"","meta":{"_acf_changed":false},"product_cat":[85],"product_tag":[93,94,95,96,97,98],"class_list":{"0":"post-1973","1":"product","2":"type-product","3":"status-publish","4":"has-post-thumbnail","6":"product_cat-instant-nudeln-suppen","7":"product_tag-milchfrei","8":"product_tag-eifrei","9":"product_tag-glutenfrei","10":"product_tag-getreidefrei","11":"product_tag-vegan","12":"product_tag-vegetarisch","14":"first","15":"instock","16":"product-type-simple"},"acf":[],"yoast_head":"<!-- This site is optimized with the Yoast SEO plugin v22.3 - https:\/\/yoast.com\/wordpress\/plugins\/seo\/ -->\n<title>W\u00fcrzige Instant-Linsensuppe \u2013 in 5 Minuten fertig | Vitto | In love with food<\/title>\n<meta name=\"description\" content=\"Kr\u00e4ftige, w\u00fcrzige Linsensuppe im Instantformat. Ohne MSG, ohne Konservierungsstoffe. Eine warme, schmackhafte Mahlzeit, die in 5 Minuten fertig ist.\" \/>\n<meta name=\"robots\" content=\"index, follow, max-snippet:-1, max-image-preview:large, max-video-preview:-1\" \/>\n<link rel=\"canonical\" href=\"https:\/\/vittofood.com\/de\/produkt\/instant-nudeln-suppen\/instant-linsensuppe-mit-scharfer-wuerze\/\" \/>\n<meta property=\"og:locale\" content=\"de_DE\" \/>\n<meta property=\"og:type\" content=\"article\" \/>\n<meta property=\"og:title\" content=\"W\u00fcrzige Instant-Linsensuppe \u2013 in 5 Minuten fertig | Vitto | In love with food\" \/>\n<meta property=\"og:description\" content=\"Kr\u00e4ftige, w\u00fcrzige Linsensuppe im Instantformat. Ohne MSG, ohne Konservierungsstoffe. Eine warme, schmackhafte Mahlzeit, die in 5 Minuten fertig ist.\" \/>\n<meta property=\"og:url\" content=\"https:\/\/vittofood.com\/de\/produkt\/instant-nudeln-suppen\/instant-linsensuppe-mit-scharfer-wuerze\/\" \/>\n<meta property=\"og:site_name\" content=\"Vitto | In love with food\" \/>\n<meta property=\"article:modified_time\" content=\"2026-01-26T11:59:29+00:00\" \/>\n<meta property=\"og:image\" content=\"https:\/\/vittofood.com\/vittosite\/wp-content\/uploads\/2025\/05\/CS-Vitto_Spicy-Soup_65g.png\" \/>\n\t<meta property=\"og:image:width\" content=\"900\" \/>\n\t<meta property=\"og:image:height\" content=\"900\" \/>\n\t<meta property=\"og:image:type\" content=\"image\/png\" \/>\n<meta name=\"twitter:card\" content=\"summary_large_image\" \/>\n<meta name=\"twitter:label1\" content=\"Est. reading time\" \/>\n\t<meta name=\"twitter:data1\" content=\"1 minute\" \/>\n<script type=\"application\/ld+json\" class=\"yoast-schema-graph\">{\"@context\":\"https:\/\/schema.org\",\"@graph\":[{\"@type\":\"WebPage\",\"@id\":\"https:\/\/vittofood.com\/de\/produkt\/instant-nudeln-suppen\/instant-linsensuppe-mit-scharfer-wuerze\/\",\"url\":\"https:\/\/vittofood.com\/de\/produkt\/instant-nudeln-suppen\/instant-linsensuppe-mit-scharfer-wuerze\/\",\"name\":\"W\u00fcrzige Instant-Linsensuppe \u2013 in 5 Minuten fertig | Vitto | In love with food\",\"isPartOf\":{\"@id\":\"https:\/\/vittofood.com\/de\/#website\"},\"primaryImageOfPage\":{\"@id\":\"https:\/\/vittofood.com\/de\/produkt\/instant-nudeln-suppen\/instant-linsensuppe-mit-scharfer-wuerze\/#primaryimage\"},\"image\":{\"@id\":\"https:\/\/vittofood.com\/de\/produkt\/instant-nudeln-suppen\/instant-linsensuppe-mit-scharfer-wuerze\/#primaryimage\"},\"thumbnailUrl\":\"https:\/\/vittofood.com\/vittosite\/wp-content\/uploads\/2025\/05\/CS-Vitto_Spicy-Soup_65g.png\",\"datePublished\":\"2025-05-30T14:31:55+00:00\",\"dateModified\":\"2026-01-26T11:59:29+00:00\",\"description\":\"Kr\u00e4ftige, w\u00fcrzige Linsensuppe im Instantformat. Ohne MSG, ohne Konservierungsstoffe. Eine warme, schmackhafte Mahlzeit, die in 5 Minuten fertig ist.\",\"breadcrumb\":{\"@id\":\"https:\/\/vittofood.com\/de\/produkt\/instant-nudeln-suppen\/instant-linsensuppe-mit-scharfer-wuerze\/#breadcrumb\"},\"inLanguage\":\"de-DE\",\"potentialAction\":[{\"@type\":\"ReadAction\",\"target\":[\"https:\/\/vittofood.com\/de\/produkt\/instant-nudeln-suppen\/instant-linsensuppe-mit-scharfer-wuerze\/\"]}]},{\"@type\":\"ImageObject\",\"inLanguage\":\"de-DE\",\"@id\":\"https:\/\/vittofood.com\/de\/produkt\/instant-nudeln-suppen\/instant-linsensuppe-mit-scharfer-wuerze\/#primaryimage\",\"url\":\"https:\/\/vittofood.com\/vittosite\/wp-content\/uploads\/2025\/05\/CS-Vitto_Spicy-Soup_65g.png\",\"contentUrl\":\"https:\/\/vittofood.com\/vittosite\/wp-content\/uploads\/2025\/05\/CS-Vitto_Spicy-Soup_65g.png\",\"width\":900,\"height\":900,\"caption\":\"Spicy lentil soup pot \u2013 instant on-the-go meal with bold spices\"},{\"@type\":\"BreadcrumbList\",\"@id\":\"https:\/\/vittofood.com\/de\/produkt\/instant-nudeln-suppen\/instant-linsensuppe-mit-scharfer-wuerze\/#breadcrumb\",\"itemListElement\":[{\"@type\":\"ListItem\",\"position\":1,\"name\":\"Produkte\",\"item\":\"https:\/\/vittofood.com\/de\/produkte\/\"},{\"@type\":\"ListItem\",\"position\":2,\"name\":\"Instant-Linsensuppe mit scharfer W\u00fcrze\"}]},{\"@type\":\"WebSite\",\"@id\":\"https:\/\/vittofood.com\/de\/#website\",\"url\":\"https:\/\/vittofood.com\/de\/\",\"name\":\"Vitto | In love with food\",\"description\":\"It\u2019s easy to express your Italian side!\",\"potentialAction\":[{\"@type\":\"SearchAction\",\"target\":{\"@type\":\"EntryPoint\",\"urlTemplate\":\"https:\/\/vittofood.com\/de\/?s={search_term_string}\"},\"query-input\":\"required name=search_term_string\"}],\"inLanguage\":\"de-DE\"}]}<\/script>\n<!-- \/ Yoast SEO plugin. -->","yoast_head_json":{"title":"W\u00fcrzige Instant-Linsensuppe \u2013 in 5 Minuten fertig | Vitto | In love with food","description":"Kr\u00e4ftige, w\u00fcrzige Linsensuppe im Instantformat. Ohne MSG, ohne Konservierungsstoffe. Eine warme, schmackhafte Mahlzeit, die in 5 Minuten fertig ist.","robots":{"index":"index","follow":"follow","max-snippet":"max-snippet:-1","max-image-preview":"max-image-preview:large","max-video-preview":"max-video-preview:-1"},"canonical":"https:\/\/vittofood.com\/de\/produkt\/instant-nudeln-suppen\/instant-linsensuppe-mit-scharfer-wuerze\/","og_locale":"de_DE","og_type":"article","og_title":"W\u00fcrzige Instant-Linsensuppe \u2013 in 5 Minuten fertig | Vitto | In love with food","og_description":"Kr\u00e4ftige, w\u00fcrzige Linsensuppe im Instantformat. Ohne MSG, ohne Konservierungsstoffe. Eine warme, schmackhafte Mahlzeit, die in 5 Minuten fertig ist.","og_url":"https:\/\/vittofood.com\/de\/produkt\/instant-nudeln-suppen\/instant-linsensuppe-mit-scharfer-wuerze\/","og_site_name":"Vitto | In love with food","article_modified_time":"2026-01-26T11:59:29+00:00","og_image":[{"width":900,"height":900,"url":"https:\/\/vittofood.com\/vittosite\/wp-content\/uploads\/2025\/05\/CS-Vitto_Spicy-Soup_65g.png","type":"image\/png"}],"twitter_card":"summary_large_image","twitter_misc":{"Est. reading time":"1 minute"},"schema":{"@context":"https:\/\/schema.org","@graph":[{"@type":"WebPage","@id":"https:\/\/vittofood.com\/de\/produkt\/instant-nudeln-suppen\/instant-linsensuppe-mit-scharfer-wuerze\/","url":"https:\/\/vittofood.com\/de\/produkt\/instant-nudeln-suppen\/instant-linsensuppe-mit-scharfer-wuerze\/","name":"W\u00fcrzige Instant-Linsensuppe \u2013 in 5 Minuten fertig | Vitto | In love with food","isPartOf":{"@id":"https:\/\/vittofood.com\/de\/#website"},"primaryImageOfPage":{"@id":"https:\/\/vittofood.com\/de\/produkt\/instant-nudeln-suppen\/instant-linsensuppe-mit-scharfer-wuerze\/#primaryimage"},"image":{"@id":"https:\/\/vittofood.com\/de\/produkt\/instant-nudeln-suppen\/instant-linsensuppe-mit-scharfer-wuerze\/#primaryimage"},"thumbnailUrl":"https:\/\/vittofood.com\/vittosite\/wp-content\/uploads\/2025\/05\/CS-Vitto_Spicy-Soup_65g.png","datePublished":"2025-05-30T14:31:55+00:00","dateModified":"2026-01-26T11:59:29+00:00","description":"Kr\u00e4ftige, w\u00fcrzige Linsensuppe im Instantformat. Ohne MSG, ohne Konservierungsstoffe. Eine warme, schmackhafte Mahlzeit, die in 5 Minuten fertig ist.","breadcrumb":{"@id":"https:\/\/vittofood.com\/de\/produkt\/instant-nudeln-suppen\/instant-linsensuppe-mit-scharfer-wuerze\/#breadcrumb"},"inLanguage":"de-DE","potentialAction":[{"@type":"ReadAction","target":["https:\/\/vittofood.com\/de\/produkt\/instant-nudeln-suppen\/instant-linsensuppe-mit-scharfer-wuerze\/"]}]},{"@type":"ImageObject","inLanguage":"de-DE","@id":"https:\/\/vittofood.com\/de\/produkt\/instant-nudeln-suppen\/instant-linsensuppe-mit-scharfer-wuerze\/#primaryimage","url":"https:\/\/vittofood.com\/vittosite\/wp-content\/uploads\/2025\/05\/CS-Vitto_Spicy-Soup_65g.png","contentUrl":"https:\/\/vittofood.com\/vittosite\/wp-content\/uploads\/2025\/05\/CS-Vitto_Spicy-Soup_65g.png","width":900,"height":900,"caption":"Spicy lentil soup pot \u2013 instant on-the-go meal with bold spices"},{"@type":"BreadcrumbList","@id":"https:\/\/vittofood.com\/de\/produkt\/instant-nudeln-suppen\/instant-linsensuppe-mit-scharfer-wuerze\/#breadcrumb","itemListElement":[{"@type":"ListItem","position":1,"name":"Produkte","item":"https:\/\/vittofood.com\/de\/produkte\/"},{"@type":"ListItem","position":2,"name":"Instant-Linsensuppe mit scharfer W\u00fcrze"}]},{"@type":"WebSite","@id":"https:\/\/vittofood.com\/de\/#website","url":"https:\/\/vittofood.com\/de\/","name":"Vitto | In love with food","description":"It\u2019s easy to express your Italian side!","potentialAction":[{"@type":"SearchAction","target":{"@type":"EntryPoint","urlTemplate":"https:\/\/vittofood.com\/de\/?s={search_term_string}"},"query-input":"required name=search_term_string"}],"inLanguage":"de-DE"}]}},"_links":{"self":[{"href":"https:\/\/vittofood.com\/de\/wp-json\/wp\/v2\/product\/1973","targetHints":{"allow":["GET"]}}],"collection":[{"href":"https:\/\/vittofood.com\/de\/wp-json\/wp\/v2\/product"}],"about":[{"href":"https:\/\/vittofood.com\/de\/wp-json\/wp\/v2\/types\/product"}],"replies":[{"embeddable":true,"href":"https:\/\/vittofood.com\/de\/wp-json\/wp\/v2\/comments?post=1973"}],"wp:featuredmedia":[{"embeddable":true,"href":"https:\/\/vittofood.com\/de\/wp-json\/wp\/v2\/media\/1978"}],"wp:attachment":[{"href":"https:\/\/vittofood.com\/de\/wp-json\/wp\/v2\/media?parent=1973"}],"wp:term":[{"taxonomy":"product_cat","embeddable":true,"href":"https:\/\/vittofood.com\/de\/wp-json\/wp\/v2\/product_cat?post=1973"},{"taxonomy":"product_tag","embeddable":true,"href":"https:\/\/vittofood.com\/de\/wp-json\/wp\/v2\/product_tag?post=1973"}],"curies":[{"name":"wp","href":"https:\/\/api.w.org\/{rel}","templated":true}]}}