{"id":2129,"date":"2025-06-03T16:16:54","date_gmt":"2025-06-03T14:16:54","guid":{"rendered":"https:\/\/vittofood.com\/?post_type=product&#038;p=2129"},"modified":"2026-01-26T11:12:23","modified_gmt":"2026-01-26T10:12:23","slug":"fusilli-mit-kaesesauce","status":"publish","type":"product","link":"https:\/\/vittofood.com\/de\/produkt\/instant-nudeln-suppen\/fusilli-mit-kaesesauce\/","title":{"rendered":"Fusilli mit K\u00e4sesauce"},"content":{"rendered":"<p>Gekochte Fusilli-Nudeln in einer milden K\u00e4sesauce. Ausgewogen und wohltuend, ideal f\u00fcr praktische Einzelportionen.<\/p>\n","protected":false},"excerpt":{"rendered":"<p>Fusilli mit cremiger K\u00e4sesauce<\/p>\n","protected":false},"featured_media":2131,"comment_status":"closed","ping_status":"closed","template":"","meta":{"_acf_changed":false},"product_cat":[85],"product_tag":[],"class_list":{"0":"post-2129","1":"product","2":"type-product","3":"status-publish","4":"has-post-thumbnail","6":"product_cat-instant-nudeln-suppen","8":"first","9":"instock","10":"product-type-simple"},"acf":[],"yoast_head":"<!-- This site is optimized with the Yoast SEO plugin v22.3 - https:\/\/yoast.com\/wordpress\/plugins\/seo\/ -->\n<title>Fusilli mit K\u00e4sesauce \u2013 Cremiges Fertiggericht | Vitto | In love with food<\/title>\n<meta name=\"description\" content=\"Gekochte Fusilli mit milder K\u00e4sesauce. Haltbar und wohltuend. Ein cremiges Einzelgericht, das in wenigen Minuten fertig ist.\" \/>\n<meta name=\"robots\" content=\"index, follow, max-snippet:-1, max-image-preview:large, max-video-preview:-1\" \/>\n<link rel=\"canonical\" href=\"https:\/\/vittofood.com\/de\/produkt\/instant-nudeln-suppen\/fusilli-mit-kaesesauce\/\" \/>\n<meta property=\"og:locale\" content=\"de_DE\" \/>\n<meta property=\"og:type\" content=\"article\" \/>\n<meta property=\"og:title\" content=\"Fusilli mit K\u00e4sesauce \u2013 Cremiges Fertiggericht | Vitto | In love with food\" \/>\n<meta property=\"og:description\" content=\"Gekochte Fusilli mit milder K\u00e4sesauce. Haltbar und wohltuend. Ein cremiges Einzelgericht, das in wenigen Minuten fertig ist.\" \/>\n<meta property=\"og:url\" content=\"https:\/\/vittofood.com\/de\/produkt\/instant-nudeln-suppen\/fusilli-mit-kaesesauce\/\" \/>\n<meta property=\"og:site_name\" content=\"Vitto | In love with food\" \/>\n<meta property=\"article:modified_time\" content=\"2026-01-26T10:12:23+00:00\" \/>\n<meta property=\"og:image\" content=\"https:\/\/vittofood.com\/vittosite\/wp-content\/uploads\/2025\/06\/Vitto_Instant-pasta_Fusilli-al-formaggio.webp\" \/>\n\t<meta property=\"og:image:width\" content=\"900\" \/>\n\t<meta property=\"og:image:height\" content=\"900\" \/>\n\t<meta property=\"og:image:type\" content=\"image\/webp\" \/>\n<meta name=\"twitter:card\" content=\"summary_large_image\" \/>\n<meta name=\"twitter:label1\" content=\"Est. reading time\" \/>\n\t<meta name=\"twitter:data1\" content=\"1 minute\" \/>\n<script type=\"application\/ld+json\" class=\"yoast-schema-graph\">{\"@context\":\"https:\/\/schema.org\",\"@graph\":[{\"@type\":\"WebPage\",\"@id\":\"https:\/\/vittofood.com\/de\/produkt\/instant-nudeln-suppen\/fusilli-mit-kaesesauce\/\",\"url\":\"https:\/\/vittofood.com\/de\/produkt\/instant-nudeln-suppen\/fusilli-mit-kaesesauce\/\",\"name\":\"Fusilli mit K\u00e4sesauce \u2013 Cremiges Fertiggericht | Vitto | In love with food\",\"isPartOf\":{\"@id\":\"https:\/\/vittofood.com\/de\/#website\"},\"primaryImageOfPage\":{\"@id\":\"https:\/\/vittofood.com\/de\/produkt\/instant-nudeln-suppen\/fusilli-mit-kaesesauce\/#primaryimage\"},\"image\":{\"@id\":\"https:\/\/vittofood.com\/de\/produkt\/instant-nudeln-suppen\/fusilli-mit-kaesesauce\/#primaryimage\"},\"thumbnailUrl\":\"https:\/\/vittofood.com\/vittosite\/wp-content\/uploads\/2025\/06\/Vitto_Instant-pasta_Fusilli-al-formaggio.webp\",\"datePublished\":\"2025-06-03T14:16:54+00:00\",\"dateModified\":\"2026-01-26T10:12:23+00:00\",\"description\":\"Gekochte Fusilli mit milder K\u00e4sesauce. Haltbar und wohltuend. Ein cremiges Einzelgericht, das in wenigen Minuten fertig ist.\",\"breadcrumb\":{\"@id\":\"https:\/\/vittofood.com\/de\/produkt\/instant-nudeln-suppen\/fusilli-mit-kaesesauce\/#breadcrumb\"},\"inLanguage\":\"de-DE\",\"potentialAction\":[{\"@type\":\"ReadAction\",\"target\":[\"https:\/\/vittofood.com\/de\/produkt\/instant-nudeln-suppen\/fusilli-mit-kaesesauce\/\"]}]},{\"@type\":\"ImageObject\",\"inLanguage\":\"de-DE\",\"@id\":\"https:\/\/vittofood.com\/de\/produkt\/instant-nudeln-suppen\/fusilli-mit-kaesesauce\/#primaryimage\",\"url\":\"https:\/\/vittofood.com\/vittosite\/wp-content\/uploads\/2025\/06\/Vitto_Instant-pasta_Fusilli-al-formaggio.webp\",\"contentUrl\":\"https:\/\/vittofood.com\/vittosite\/wp-content\/uploads\/2025\/06\/Vitto_Instant-pasta_Fusilli-al-formaggio.webp\",\"width\":900,\"height\":900,\"caption\":\"Vitto Cheese Fusilli instant pasta cup\"},{\"@type\":\"BreadcrumbList\",\"@id\":\"https:\/\/vittofood.com\/de\/produkt\/instant-nudeln-suppen\/fusilli-mit-kaesesauce\/#breadcrumb\",\"itemListElement\":[{\"@type\":\"ListItem\",\"position\":1,\"name\":\"Produkte\",\"item\":\"https:\/\/vittofood.com\/de\/produkte\/\"},{\"@type\":\"ListItem\",\"position\":2,\"name\":\"Fusilli mit K\u00e4sesauce\"}]},{\"@type\":\"WebSite\",\"@id\":\"https:\/\/vittofood.com\/de\/#website\",\"url\":\"https:\/\/vittofood.com\/de\/\",\"name\":\"Vitto | In love with food\",\"description\":\"It\u2019s easy to express your Italian side!\",\"potentialAction\":[{\"@type\":\"SearchAction\",\"target\":{\"@type\":\"EntryPoint\",\"urlTemplate\":\"https:\/\/vittofood.com\/de\/?s={search_term_string}\"},\"query-input\":\"required name=search_term_string\"}],\"inLanguage\":\"de-DE\"}]}<\/script>\n<!-- \/ Yoast SEO plugin. -->","yoast_head_json":{"title":"Fusilli mit K\u00e4sesauce \u2013 Cremiges Fertiggericht | Vitto | In love with food","description":"Gekochte Fusilli mit milder K\u00e4sesauce. Haltbar und wohltuend. Ein cremiges Einzelgericht, das in wenigen Minuten fertig ist.","robots":{"index":"index","follow":"follow","max-snippet":"max-snippet:-1","max-image-preview":"max-image-preview:large","max-video-preview":"max-video-preview:-1"},"canonical":"https:\/\/vittofood.com\/de\/produkt\/instant-nudeln-suppen\/fusilli-mit-kaesesauce\/","og_locale":"de_DE","og_type":"article","og_title":"Fusilli mit K\u00e4sesauce \u2013 Cremiges Fertiggericht | Vitto | In love with food","og_description":"Gekochte Fusilli mit milder K\u00e4sesauce. Haltbar und wohltuend. Ein cremiges Einzelgericht, das in wenigen Minuten fertig ist.","og_url":"https:\/\/vittofood.com\/de\/produkt\/instant-nudeln-suppen\/fusilli-mit-kaesesauce\/","og_site_name":"Vitto | In love with food","article_modified_time":"2026-01-26T10:12:23+00:00","og_image":[{"width":900,"height":900,"url":"https:\/\/vittofood.com\/vittosite\/wp-content\/uploads\/2025\/06\/Vitto_Instant-pasta_Fusilli-al-formaggio.webp","type":"image\/webp"}],"twitter_card":"summary_large_image","twitter_misc":{"Est. reading time":"1 minute"},"schema":{"@context":"https:\/\/schema.org","@graph":[{"@type":"WebPage","@id":"https:\/\/vittofood.com\/de\/produkt\/instant-nudeln-suppen\/fusilli-mit-kaesesauce\/","url":"https:\/\/vittofood.com\/de\/produkt\/instant-nudeln-suppen\/fusilli-mit-kaesesauce\/","name":"Fusilli mit K\u00e4sesauce \u2013 Cremiges Fertiggericht | Vitto | In love with food","isPartOf":{"@id":"https:\/\/vittofood.com\/de\/#website"},"primaryImageOfPage":{"@id":"https:\/\/vittofood.com\/de\/produkt\/instant-nudeln-suppen\/fusilli-mit-kaesesauce\/#primaryimage"},"image":{"@id":"https:\/\/vittofood.com\/de\/produkt\/instant-nudeln-suppen\/fusilli-mit-kaesesauce\/#primaryimage"},"thumbnailUrl":"https:\/\/vittofood.com\/vittosite\/wp-content\/uploads\/2025\/06\/Vitto_Instant-pasta_Fusilli-al-formaggio.webp","datePublished":"2025-06-03T14:16:54+00:00","dateModified":"2026-01-26T10:12:23+00:00","description":"Gekochte Fusilli mit milder K\u00e4sesauce. Haltbar und wohltuend. Ein cremiges Einzelgericht, das in wenigen Minuten fertig ist.","breadcrumb":{"@id":"https:\/\/vittofood.com\/de\/produkt\/instant-nudeln-suppen\/fusilli-mit-kaesesauce\/#breadcrumb"},"inLanguage":"de-DE","potentialAction":[{"@type":"ReadAction","target":["https:\/\/vittofood.com\/de\/produkt\/instant-nudeln-suppen\/fusilli-mit-kaesesauce\/"]}]},{"@type":"ImageObject","inLanguage":"de-DE","@id":"https:\/\/vittofood.com\/de\/produkt\/instant-nudeln-suppen\/fusilli-mit-kaesesauce\/#primaryimage","url":"https:\/\/vittofood.com\/vittosite\/wp-content\/uploads\/2025\/06\/Vitto_Instant-pasta_Fusilli-al-formaggio.webp","contentUrl":"https:\/\/vittofood.com\/vittosite\/wp-content\/uploads\/2025\/06\/Vitto_Instant-pasta_Fusilli-al-formaggio.webp","width":900,"height":900,"caption":"Vitto Cheese Fusilli instant pasta cup"},{"@type":"BreadcrumbList","@id":"https:\/\/vittofood.com\/de\/produkt\/instant-nudeln-suppen\/fusilli-mit-kaesesauce\/#breadcrumb","itemListElement":[{"@type":"ListItem","position":1,"name":"Produkte","item":"https:\/\/vittofood.com\/de\/produkte\/"},{"@type":"ListItem","position":2,"name":"Fusilli mit K\u00e4sesauce"}]},{"@type":"WebSite","@id":"https:\/\/vittofood.com\/de\/#website","url":"https:\/\/vittofood.com\/de\/","name":"Vitto | In love with food","description":"It\u2019s easy to express your Italian side!","potentialAction":[{"@type":"SearchAction","target":{"@type":"EntryPoint","urlTemplate":"https:\/\/vittofood.com\/de\/?s={search_term_string}"},"query-input":"required name=search_term_string"}],"inLanguage":"de-DE"}]}},"_links":{"self":[{"href":"https:\/\/vittofood.com\/de\/wp-json\/wp\/v2\/product\/2129","targetHints":{"allow":["GET"]}}],"collection":[{"href":"https:\/\/vittofood.com\/de\/wp-json\/wp\/v2\/product"}],"about":[{"href":"https:\/\/vittofood.com\/de\/wp-json\/wp\/v2\/types\/product"}],"replies":[{"embeddable":true,"href":"https:\/\/vittofood.com\/de\/wp-json\/wp\/v2\/comments?post=2129"}],"wp:featuredmedia":[{"embeddable":true,"href":"https:\/\/vittofood.com\/de\/wp-json\/wp\/v2\/media\/2131"}],"wp:attachment":[{"href":"https:\/\/vittofood.com\/de\/wp-json\/wp\/v2\/media?parent=2129"}],"wp:term":[{"taxonomy":"product_cat","embeddable":true,"href":"https:\/\/vittofood.com\/de\/wp-json\/wp\/v2\/product_cat?post=2129"},{"taxonomy":"product_tag","embeddable":true,"href":"https:\/\/vittofood.com\/de\/wp-json\/wp\/v2\/product_tag?post=2129"}],"curies":[{"name":"wp","href":"https:\/\/api.w.org\/{rel}","templated":true}]}}