{"id":1936,"date":"2025-05-30T16:31:55","date_gmt":"2025-05-30T14:31:55","guid":{"rendered":"https:\/\/vittofood.com\/?post_type=product&#038;p=1936"},"modified":"2026-01-26T12:44:00","modified_gmt":"2026-01-26T11:44:00","slug":"grissini-au-sesame","status":"publish","type":"product","link":"https:\/\/vittofood.com\/fr\/produit\/snacks\/grissini-au-sesame\/","title":{"rendered":"Grissini au s\u00e9same"},"content":{"rendered":"<p>Gressins \u00e0 l'italienne garnis de graines de s\u00e9same grill\u00e9es. Croustillants, dor\u00e9s et parfaits pour accompagner des sauces, des fromages ou de la charcuterie.<\/p>\n","protected":false},"excerpt":{"rendered":"<p>Gressins enrob\u00e9s de s\u00e9same<\/p>\n","protected":false},"featured_media":1942,"comment_status":"closed","ping_status":"open","template":"","meta":{"_acf_changed":false},"product_cat":[110],"product_tag":[118,119,122,123],"class_list":{"0":"post-1936","1":"product","2":"type-product","3":"status-publish","4":"has-post-thumbnail","6":"product_cat-snacks","7":"product_tag-sans-produits-laitiers","8":"product_tag-sans-oeufs","9":"product_tag-vegetalien","10":"product_tag-vegetarien","12":"first","13":"instock","14":"product-type-simple"},"acf":[],"yoast_head":"<!-- This site is optimized with the Yoast SEO plugin v22.3 - https:\/\/yoast.com\/wordpress\/plugins\/seo\/ -->\n<title>B\u00e2tonnets de pain italiens au s\u00e9same \u2013 Grissini aux graines de s\u00e9same | Vitto | In love with food<\/title>\n<meta name=\"description\" content=\"Grissini croustillants enrob\u00e9s de graines de s\u00e9same grill\u00e9es. Id\u00e9aux pour les collations, les ap\u00e9ritifs et les accompagnements de charcuterie.\" \/>\n<meta name=\"robots\" content=\"index, follow, max-snippet:-1, max-image-preview:large, max-video-preview:-1\" \/>\n<link rel=\"canonical\" href=\"https:\/\/vittofood.com\/fr\/produit\/snacks\/grissini-au-sesame\/\" \/>\n<meta property=\"og:locale\" content=\"fr_FR\" \/>\n<meta property=\"og:type\" content=\"article\" \/>\n<meta property=\"og:title\" content=\"B\u00e2tonnets de pain italiens au s\u00e9same \u2013 Grissini aux graines de s\u00e9same | Vitto | In love with food\" \/>\n<meta property=\"og:description\" content=\"Grissini croustillants enrob\u00e9s de graines de s\u00e9same grill\u00e9es. Id\u00e9aux pour les collations, les ap\u00e9ritifs et les accompagnements de charcuterie.\" \/>\n<meta property=\"og:url\" content=\"https:\/\/vittofood.com\/fr\/produit\/snacks\/grissini-au-sesame\/\" \/>\n<meta property=\"og:site_name\" content=\"Vitto | In love with food\" \/>\n<meta property=\"article:modified_time\" content=\"2026-01-26T11:44:00+00:00\" \/>\n<meta property=\"og:image\" content=\"https:\/\/vittofood.com\/vittosite\/wp-content\/uploads\/2025\/05\/CS-Vitto_Grissini-Sesame_125g.png\" \/>\n\t<meta property=\"og:image:width\" content=\"900\" \/>\n\t<meta property=\"og:image:height\" content=\"900\" \/>\n\t<meta property=\"og:image:type\" content=\"image\/png\" \/>\n<meta name=\"twitter:card\" content=\"summary_large_image\" \/>\n<meta name=\"twitter:label1\" content=\"Est. reading time\" \/>\n\t<meta name=\"twitter:data1\" content=\"1 minute\" \/>\n<script type=\"application\/ld+json\" class=\"yoast-schema-graph\">{\"@context\":\"https:\/\/schema.org\",\"@graph\":[{\"@type\":\"WebPage\",\"@id\":\"https:\/\/vittofood.com\/fr\/produit\/snacks\/grissini-au-sesame\/\",\"url\":\"https:\/\/vittofood.com\/fr\/produit\/snacks\/grissini-au-sesame\/\",\"name\":\"B\u00e2tonnets de pain italiens au s\u00e9same \u2013 Grissini aux graines de s\u00e9same | Vitto | In love with food\",\"isPartOf\":{\"@id\":\"https:\/\/vittofood.com\/fr\/#website\"},\"primaryImageOfPage\":{\"@id\":\"https:\/\/vittofood.com\/fr\/produit\/snacks\/grissini-au-sesame\/#primaryimage\"},\"image\":{\"@id\":\"https:\/\/vittofood.com\/fr\/produit\/snacks\/grissini-au-sesame\/#primaryimage\"},\"thumbnailUrl\":\"https:\/\/vittofood.com\/vittosite\/wp-content\/uploads\/2025\/05\/CS-Vitto_Grissini-Sesame_125g.png\",\"datePublished\":\"2025-05-30T14:31:55+00:00\",\"dateModified\":\"2026-01-26T11:44:00+00:00\",\"description\":\"Grissini croustillants enrob\u00e9s de graines de s\u00e9same grill\u00e9es. Id\u00e9aux pour les collations, les ap\u00e9ritifs et les accompagnements de charcuterie.\",\"breadcrumb\":{\"@id\":\"https:\/\/vittofood.com\/fr\/produit\/snacks\/grissini-au-sesame\/#breadcrumb\"},\"inLanguage\":\"fr-FR\",\"potentialAction\":[{\"@type\":\"ReadAction\",\"target\":[\"https:\/\/vittofood.com\/fr\/produit\/snacks\/grissini-au-sesame\/\"]}]},{\"@type\":\"ImageObject\",\"inLanguage\":\"fr-FR\",\"@id\":\"https:\/\/vittofood.com\/fr\/produit\/snacks\/grissini-au-sesame\/#primaryimage\",\"url\":\"https:\/\/vittofood.com\/vittosite\/wp-content\/uploads\/2025\/05\/CS-Vitto_Grissini-Sesame_125g.png\",\"contentUrl\":\"https:\/\/vittofood.com\/vittosite\/wp-content\/uploads\/2025\/05\/CS-Vitto_Grissini-Sesame_125g.png\",\"width\":900,\"height\":900,\"caption\":\"Sesame grissini \u2013 Italian sesame-coated breadsticks\"},{\"@type\":\"BreadcrumbList\",\"@id\":\"https:\/\/vittofood.com\/fr\/produit\/snacks\/grissini-au-sesame\/#breadcrumb\",\"itemListElement\":[{\"@type\":\"ListItem\",\"position\":1,\"name\":\"Produits\",\"item\":\"https:\/\/vittofood.com\/fr\/produits\/\"},{\"@type\":\"ListItem\",\"position\":2,\"name\":\"Grissini au s\u00e9same\"}]},{\"@type\":\"WebSite\",\"@id\":\"https:\/\/vittofood.com\/fr\/#website\",\"url\":\"https:\/\/vittofood.com\/fr\/\",\"name\":\"Vitto | In love with food\",\"description\":\"It\u2019s easy to express your Italian side!\",\"potentialAction\":[{\"@type\":\"SearchAction\",\"target\":{\"@type\":\"EntryPoint\",\"urlTemplate\":\"https:\/\/vittofood.com\/fr\/?s={search_term_string}\"},\"query-input\":\"required name=search_term_string\"}],\"inLanguage\":\"fr-FR\"}]}<\/script>\n<!-- \/ Yoast SEO plugin. -->","yoast_head_json":{"title":"B\u00e2tonnets de pain italiens au s\u00e9same \u2013 Grissini aux graines de s\u00e9same | Vitto | In love with food","description":"Grissini croustillants enrob\u00e9s de graines de s\u00e9same grill\u00e9es. Id\u00e9aux pour les collations, les ap\u00e9ritifs et les accompagnements de charcuterie.","robots":{"index":"index","follow":"follow","max-snippet":"max-snippet:-1","max-image-preview":"max-image-preview:large","max-video-preview":"max-video-preview:-1"},"canonical":"https:\/\/vittofood.com\/fr\/produit\/snacks\/grissini-au-sesame\/","og_locale":"fr_FR","og_type":"article","og_title":"B\u00e2tonnets de pain italiens au s\u00e9same \u2013 Grissini aux graines de s\u00e9same | Vitto | In love with food","og_description":"Grissini croustillants enrob\u00e9s de graines de s\u00e9same grill\u00e9es. Id\u00e9aux pour les collations, les ap\u00e9ritifs et les accompagnements de charcuterie.","og_url":"https:\/\/vittofood.com\/fr\/produit\/snacks\/grissini-au-sesame\/","og_site_name":"Vitto | In love with food","article_modified_time":"2026-01-26T11:44:00+00:00","og_image":[{"width":900,"height":900,"url":"https:\/\/vittofood.com\/vittosite\/wp-content\/uploads\/2025\/05\/CS-Vitto_Grissini-Sesame_125g.png","type":"image\/png"}],"twitter_card":"summary_large_image","twitter_misc":{"Est. reading time":"1 minute"},"schema":{"@context":"https:\/\/schema.org","@graph":[{"@type":"WebPage","@id":"https:\/\/vittofood.com\/fr\/produit\/snacks\/grissini-au-sesame\/","url":"https:\/\/vittofood.com\/fr\/produit\/snacks\/grissini-au-sesame\/","name":"B\u00e2tonnets de pain italiens au s\u00e9same \u2013 Grissini aux graines de s\u00e9same | Vitto | In love with food","isPartOf":{"@id":"https:\/\/vittofood.com\/fr\/#website"},"primaryImageOfPage":{"@id":"https:\/\/vittofood.com\/fr\/produit\/snacks\/grissini-au-sesame\/#primaryimage"},"image":{"@id":"https:\/\/vittofood.com\/fr\/produit\/snacks\/grissini-au-sesame\/#primaryimage"},"thumbnailUrl":"https:\/\/vittofood.com\/vittosite\/wp-content\/uploads\/2025\/05\/CS-Vitto_Grissini-Sesame_125g.png","datePublished":"2025-05-30T14:31:55+00:00","dateModified":"2026-01-26T11:44:00+00:00","description":"Grissini croustillants enrob\u00e9s de graines de s\u00e9same grill\u00e9es. Id\u00e9aux pour les collations, les ap\u00e9ritifs et les accompagnements de charcuterie.","breadcrumb":{"@id":"https:\/\/vittofood.com\/fr\/produit\/snacks\/grissini-au-sesame\/#breadcrumb"},"inLanguage":"fr-FR","potentialAction":[{"@type":"ReadAction","target":["https:\/\/vittofood.com\/fr\/produit\/snacks\/grissini-au-sesame\/"]}]},{"@type":"ImageObject","inLanguage":"fr-FR","@id":"https:\/\/vittofood.com\/fr\/produit\/snacks\/grissini-au-sesame\/#primaryimage","url":"https:\/\/vittofood.com\/vittosite\/wp-content\/uploads\/2025\/05\/CS-Vitto_Grissini-Sesame_125g.png","contentUrl":"https:\/\/vittofood.com\/vittosite\/wp-content\/uploads\/2025\/05\/CS-Vitto_Grissini-Sesame_125g.png","width":900,"height":900,"caption":"Sesame grissini \u2013 Italian sesame-coated breadsticks"},{"@type":"BreadcrumbList","@id":"https:\/\/vittofood.com\/fr\/produit\/snacks\/grissini-au-sesame\/#breadcrumb","itemListElement":[{"@type":"ListItem","position":1,"name":"Produits","item":"https:\/\/vittofood.com\/fr\/produits\/"},{"@type":"ListItem","position":2,"name":"Grissini au s\u00e9same"}]},{"@type":"WebSite","@id":"https:\/\/vittofood.com\/fr\/#website","url":"https:\/\/vittofood.com\/fr\/","name":"Vitto | In love with food","description":"It\u2019s easy to express your Italian side!","potentialAction":[{"@type":"SearchAction","target":{"@type":"EntryPoint","urlTemplate":"https:\/\/vittofood.com\/fr\/?s={search_term_string}"},"query-input":"required name=search_term_string"}],"inLanguage":"fr-FR"}]}},"_links":{"self":[{"href":"https:\/\/vittofood.com\/fr\/wp-json\/wp\/v2\/product\/1936","targetHints":{"allow":["GET"]}}],"collection":[{"href":"https:\/\/vittofood.com\/fr\/wp-json\/wp\/v2\/product"}],"about":[{"href":"https:\/\/vittofood.com\/fr\/wp-json\/wp\/v2\/types\/product"}],"replies":[{"embeddable":true,"href":"https:\/\/vittofood.com\/fr\/wp-json\/wp\/v2\/comments?post=1936"}],"wp:featuredmedia":[{"embeddable":true,"href":"https:\/\/vittofood.com\/fr\/wp-json\/wp\/v2\/media\/1942"}],"wp:attachment":[{"href":"https:\/\/vittofood.com\/fr\/wp-json\/wp\/v2\/media?parent=1936"}],"wp:term":[{"taxonomy":"product_cat","embeddable":true,"href":"https:\/\/vittofood.com\/fr\/wp-json\/wp\/v2\/product_cat?post=1936"},{"taxonomy":"product_tag","embeddable":true,"href":"https:\/\/vittofood.com\/fr\/wp-json\/wp\/v2\/product_tag?post=1936"}],"curies":[{"name":"wp","href":"https:\/\/api.w.org\/{rel}","templated":true}]}}