{"id":2251,"date":"2025-05-30T16:31:55","date_gmt":"2025-05-30T14:31:55","guid":{"rendered":"https:\/\/vittofood.com\/?post_type=product&#038;p=2251"},"modified":"2026-01-26T13:00:39","modified_gmt":"2026-01-26T12:00:39","slug":"soupe-instantanee-aux-lentilles-epicees","status":"publish","type":"product","link":"https:\/\/vittofood.com\/fr\/produit\/pates-et-soupes-instantanees\/soupe-instantanee-aux-lentilles-epicees\/","title":{"rendered":"Soupe instantan\u00e9e aux lentilles \u00e9pic\u00e9es"},"content":{"rendered":"<p>Une soupe \u00e9pic\u00e9e \u00e0 base de lentilles, pr\u00eate en 5 minutes. Parfaite comme repas chaud et pratique pour les consommateurs actifs.<\/p>\n","protected":false},"excerpt":{"rendered":"<p>Soupe de lentilles aux \u00e9pices<\/p>\n","protected":false},"featured_media":2256,"comment_status":"closed","ping_status":"closed","template":"","meta":{"_acf_changed":false},"product_cat":[107],"product_tag":[118,119,120,121,122,123],"class_list":{"0":"post-2251","1":"product","2":"type-product","3":"status-publish","4":"has-post-thumbnail","6":"product_cat-pates-et-soupes-instantanees","7":"product_tag-sans-produits-laitiers","8":"product_tag-sans-oeufs","9":"product_tag-sans-gluten","10":"product_tag-sans-cereales","11":"product_tag-vegetalien","12":"product_tag-vegetarien","14":"first","15":"instock","16":"product-type-simple"},"acf":[],"yoast_head":"<!-- This site is optimized with the Yoast SEO plugin v22.3 - https:\/\/yoast.com\/wordpress\/plugins\/seo\/ -->\n<title>Soupe instantan\u00e9e \u00e9pic\u00e9e aux lentilles \u2013 Pr\u00eate en 5 minutes | Vitto | In love with food<\/title>\n<meta name=\"description\" content=\"Soupe de lentilles \u00e9pic\u00e9e et relev\u00e9e en format instantan\u00e9. Sans MSG, sans conservateurs. Un repas chaud et savoureux pr\u00eat en 5 minutes.\" \/>\n<meta name=\"robots\" content=\"index, follow, max-snippet:-1, max-image-preview:large, max-video-preview:-1\" \/>\n<link rel=\"canonical\" href=\"https:\/\/vittofood.com\/fr\/produit\/pates-et-soupes-instantanees\/soupe-instantanee-aux-lentilles-epicees\/\" \/>\n<meta property=\"og:locale\" content=\"fr_FR\" \/>\n<meta property=\"og:type\" content=\"article\" \/>\n<meta property=\"og:title\" content=\"Soupe instantan\u00e9e \u00e9pic\u00e9e aux lentilles \u2013 Pr\u00eate en 5 minutes | Vitto | In love with food\" \/>\n<meta property=\"og:description\" content=\"Soupe de lentilles \u00e9pic\u00e9e et relev\u00e9e en format instantan\u00e9. Sans MSG, sans conservateurs. Un repas chaud et savoureux pr\u00eat en 5 minutes.\" \/>\n<meta property=\"og:url\" content=\"https:\/\/vittofood.com\/fr\/produit\/pates-et-soupes-instantanees\/soupe-instantanee-aux-lentilles-epicees\/\" \/>\n<meta property=\"og:site_name\" content=\"Vitto | In love with food\" \/>\n<meta property=\"article:modified_time\" content=\"2026-01-26T12:00:39+00:00\" \/>\n<meta property=\"og:image\" content=\"https:\/\/vittofood.com\/vittosite\/wp-content\/uploads\/2025\/05\/CS-Vitto_Spicy-Soup_65g.png\" \/>\n\t<meta property=\"og:image:width\" content=\"900\" \/>\n\t<meta property=\"og:image:height\" content=\"900\" \/>\n\t<meta property=\"og:image:type\" content=\"image\/png\" \/>\n<meta name=\"twitter:card\" content=\"summary_large_image\" \/>\n<meta name=\"twitter:label1\" content=\"Est. reading time\" \/>\n\t<meta name=\"twitter:data1\" content=\"1 minute\" \/>\n<script type=\"application\/ld+json\" class=\"yoast-schema-graph\">{\"@context\":\"https:\/\/schema.org\",\"@graph\":[{\"@type\":\"WebPage\",\"@id\":\"https:\/\/vittofood.com\/fr\/produit\/pates-et-soupes-instantanees\/soupe-instantanee-aux-lentilles-epicees\/\",\"url\":\"https:\/\/vittofood.com\/fr\/produit\/pates-et-soupes-instantanees\/soupe-instantanee-aux-lentilles-epicees\/\",\"name\":\"Soupe instantan\u00e9e \u00e9pic\u00e9e aux lentilles \u2013 Pr\u00eate en 5 minutes | Vitto | In love with food\",\"isPartOf\":{\"@id\":\"https:\/\/vittofood.com\/fr\/#website\"},\"primaryImageOfPage\":{\"@id\":\"https:\/\/vittofood.com\/fr\/produit\/pates-et-soupes-instantanees\/soupe-instantanee-aux-lentilles-epicees\/#primaryimage\"},\"image\":{\"@id\":\"https:\/\/vittofood.com\/fr\/produit\/pates-et-soupes-instantanees\/soupe-instantanee-aux-lentilles-epicees\/#primaryimage\"},\"thumbnailUrl\":\"https:\/\/vittofood.com\/vittosite\/wp-content\/uploads\/2025\/05\/CS-Vitto_Spicy-Soup_65g.png\",\"datePublished\":\"2025-05-30T14:31:55+00:00\",\"dateModified\":\"2026-01-26T12:00:39+00:00\",\"description\":\"Soupe de lentilles \u00e9pic\u00e9e et relev\u00e9e en format instantan\u00e9. Sans MSG, sans conservateurs. Un repas chaud et savoureux pr\u00eat en 5 minutes.\",\"breadcrumb\":{\"@id\":\"https:\/\/vittofood.com\/fr\/produit\/pates-et-soupes-instantanees\/soupe-instantanee-aux-lentilles-epicees\/#breadcrumb\"},\"inLanguage\":\"fr-FR\",\"potentialAction\":[{\"@type\":\"ReadAction\",\"target\":[\"https:\/\/vittofood.com\/fr\/produit\/pates-et-soupes-instantanees\/soupe-instantanee-aux-lentilles-epicees\/\"]}]},{\"@type\":\"ImageObject\",\"inLanguage\":\"fr-FR\",\"@id\":\"https:\/\/vittofood.com\/fr\/produit\/pates-et-soupes-instantanees\/soupe-instantanee-aux-lentilles-epicees\/#primaryimage\",\"url\":\"https:\/\/vittofood.com\/vittosite\/wp-content\/uploads\/2025\/05\/CS-Vitto_Spicy-Soup_65g.png\",\"contentUrl\":\"https:\/\/vittofood.com\/vittosite\/wp-content\/uploads\/2025\/05\/CS-Vitto_Spicy-Soup_65g.png\",\"width\":900,\"height\":900,\"caption\":\"Spicy lentil soup pot \u2013 instant on-the-go meal with bold spices\"},{\"@type\":\"BreadcrumbList\",\"@id\":\"https:\/\/vittofood.com\/fr\/produit\/pates-et-soupes-instantanees\/soupe-instantanee-aux-lentilles-epicees\/#breadcrumb\",\"itemListElement\":[{\"@type\":\"ListItem\",\"position\":1,\"name\":\"Produits\",\"item\":\"https:\/\/vittofood.com\/fr\/produits\/\"},{\"@type\":\"ListItem\",\"position\":2,\"name\":\"Soupe instantan\u00e9e aux lentilles \u00e9pic\u00e9es\"}]},{\"@type\":\"WebSite\",\"@id\":\"https:\/\/vittofood.com\/fr\/#website\",\"url\":\"https:\/\/vittofood.com\/fr\/\",\"name\":\"Vitto | In love with food\",\"description\":\"It\u2019s easy to express your Italian side!\",\"potentialAction\":[{\"@type\":\"SearchAction\",\"target\":{\"@type\":\"EntryPoint\",\"urlTemplate\":\"https:\/\/vittofood.com\/fr\/?s={search_term_string}\"},\"query-input\":\"required name=search_term_string\"}],\"inLanguage\":\"fr-FR\"}]}<\/script>\n<!-- \/ Yoast SEO plugin. -->","yoast_head_json":{"title":"Soupe instantan\u00e9e \u00e9pic\u00e9e aux lentilles \u2013 Pr\u00eate en 5 minutes | Vitto | In love with food","description":"Soupe de lentilles \u00e9pic\u00e9e et relev\u00e9e en format instantan\u00e9. Sans MSG, sans conservateurs. Un repas chaud et savoureux pr\u00eat en 5 minutes.","robots":{"index":"index","follow":"follow","max-snippet":"max-snippet:-1","max-image-preview":"max-image-preview:large","max-video-preview":"max-video-preview:-1"},"canonical":"https:\/\/vittofood.com\/fr\/produit\/pates-et-soupes-instantanees\/soupe-instantanee-aux-lentilles-epicees\/","og_locale":"fr_FR","og_type":"article","og_title":"Soupe instantan\u00e9e \u00e9pic\u00e9e aux lentilles \u2013 Pr\u00eate en 5 minutes | Vitto | In love with food","og_description":"Soupe de lentilles \u00e9pic\u00e9e et relev\u00e9e en format instantan\u00e9. Sans MSG, sans conservateurs. Un repas chaud et savoureux pr\u00eat en 5 minutes.","og_url":"https:\/\/vittofood.com\/fr\/produit\/pates-et-soupes-instantanees\/soupe-instantanee-aux-lentilles-epicees\/","og_site_name":"Vitto | In love with food","article_modified_time":"2026-01-26T12:00:39+00:00","og_image":[{"width":900,"height":900,"url":"https:\/\/vittofood.com\/vittosite\/wp-content\/uploads\/2025\/05\/CS-Vitto_Spicy-Soup_65g.png","type":"image\/png"}],"twitter_card":"summary_large_image","twitter_misc":{"Est. reading time":"1 minute"},"schema":{"@context":"https:\/\/schema.org","@graph":[{"@type":"WebPage","@id":"https:\/\/vittofood.com\/fr\/produit\/pates-et-soupes-instantanees\/soupe-instantanee-aux-lentilles-epicees\/","url":"https:\/\/vittofood.com\/fr\/produit\/pates-et-soupes-instantanees\/soupe-instantanee-aux-lentilles-epicees\/","name":"Soupe instantan\u00e9e \u00e9pic\u00e9e aux lentilles \u2013 Pr\u00eate en 5 minutes | Vitto | In love with food","isPartOf":{"@id":"https:\/\/vittofood.com\/fr\/#website"},"primaryImageOfPage":{"@id":"https:\/\/vittofood.com\/fr\/produit\/pates-et-soupes-instantanees\/soupe-instantanee-aux-lentilles-epicees\/#primaryimage"},"image":{"@id":"https:\/\/vittofood.com\/fr\/produit\/pates-et-soupes-instantanees\/soupe-instantanee-aux-lentilles-epicees\/#primaryimage"},"thumbnailUrl":"https:\/\/vittofood.com\/vittosite\/wp-content\/uploads\/2025\/05\/CS-Vitto_Spicy-Soup_65g.png","datePublished":"2025-05-30T14:31:55+00:00","dateModified":"2026-01-26T12:00:39+00:00","description":"Soupe de lentilles \u00e9pic\u00e9e et relev\u00e9e en format instantan\u00e9. Sans MSG, sans conservateurs. Un repas chaud et savoureux pr\u00eat en 5 minutes.","breadcrumb":{"@id":"https:\/\/vittofood.com\/fr\/produit\/pates-et-soupes-instantanees\/soupe-instantanee-aux-lentilles-epicees\/#breadcrumb"},"inLanguage":"fr-FR","potentialAction":[{"@type":"ReadAction","target":["https:\/\/vittofood.com\/fr\/produit\/pates-et-soupes-instantanees\/soupe-instantanee-aux-lentilles-epicees\/"]}]},{"@type":"ImageObject","inLanguage":"fr-FR","@id":"https:\/\/vittofood.com\/fr\/produit\/pates-et-soupes-instantanees\/soupe-instantanee-aux-lentilles-epicees\/#primaryimage","url":"https:\/\/vittofood.com\/vittosite\/wp-content\/uploads\/2025\/05\/CS-Vitto_Spicy-Soup_65g.png","contentUrl":"https:\/\/vittofood.com\/vittosite\/wp-content\/uploads\/2025\/05\/CS-Vitto_Spicy-Soup_65g.png","width":900,"height":900,"caption":"Spicy lentil soup pot \u2013 instant on-the-go meal with bold spices"},{"@type":"BreadcrumbList","@id":"https:\/\/vittofood.com\/fr\/produit\/pates-et-soupes-instantanees\/soupe-instantanee-aux-lentilles-epicees\/#breadcrumb","itemListElement":[{"@type":"ListItem","position":1,"name":"Produits","item":"https:\/\/vittofood.com\/fr\/produits\/"},{"@type":"ListItem","position":2,"name":"Soupe instantan\u00e9e aux lentilles \u00e9pic\u00e9es"}]},{"@type":"WebSite","@id":"https:\/\/vittofood.com\/fr\/#website","url":"https:\/\/vittofood.com\/fr\/","name":"Vitto | In love with food","description":"It\u2019s easy to express your Italian side!","potentialAction":[{"@type":"SearchAction","target":{"@type":"EntryPoint","urlTemplate":"https:\/\/vittofood.com\/fr\/?s={search_term_string}"},"query-input":"required name=search_term_string"}],"inLanguage":"fr-FR"}]}},"_links":{"self":[{"href":"https:\/\/vittofood.com\/fr\/wp-json\/wp\/v2\/product\/2251","targetHints":{"allow":["GET"]}}],"collection":[{"href":"https:\/\/vittofood.com\/fr\/wp-json\/wp\/v2\/product"}],"about":[{"href":"https:\/\/vittofood.com\/fr\/wp-json\/wp\/v2\/types\/product"}],"replies":[{"embeddable":true,"href":"https:\/\/vittofood.com\/fr\/wp-json\/wp\/v2\/comments?post=2251"}],"wp:featuredmedia":[{"embeddable":true,"href":"https:\/\/vittofood.com\/fr\/wp-json\/wp\/v2\/media\/2256"}],"wp:attachment":[{"href":"https:\/\/vittofood.com\/fr\/wp-json\/wp\/v2\/media?parent=2251"}],"wp:term":[{"taxonomy":"product_cat","embeddable":true,"href":"https:\/\/vittofood.com\/fr\/wp-json\/wp\/v2\/product_cat?post=2251"},{"taxonomy":"product_tag","embeddable":true,"href":"https:\/\/vittofood.com\/fr\/wp-json\/wp\/v2\/product_tag?post=2251"}],"curies":[{"name":"wp","href":"https:\/\/api.w.org\/{rel}","templated":true}]}}