{"id":2361,"date":"2025-05-30T16:31:55","date_gmt":"2025-05-30T14:31:55","guid":{"rendered":"https:\/\/vittofood.com\/?post_type=product&#038;p=2361"},"modified":"2026-01-26T23:53:05","modified_gmt":"2026-01-26T22:53:05","slug":"passata-de-tomates","status":"publish","type":"product","link":"https:\/\/vittofood.com\/fr\/produit\/produits-a-base-de-tomates\/passata-de-tomates\/","title":{"rendered":"Passata de tomates"},"content":{"rendered":"<p>Passata de tomates finement tamis\u00e9e \u00e0 base de tomates italiennes m\u00fbries au soleil. Texture onctueuse, sans p\u00e9pins ni peau. Id\u00e9ale pour les sauces, les soupes et les condiments.<\/p>\n","protected":false},"excerpt":{"rendered":"<p>Base de tomates tamis\u00e9es lisses<\/p>\n","protected":false},"featured_media":2363,"comment_status":"closed","ping_status":"closed","template":"","meta":{"_acf_changed":false},"product_cat":[105],"product_tag":[118,119,120,121,122,123],"class_list":{"0":"post-2361","1":"product","2":"type-product","3":"status-publish","4":"has-post-thumbnail","6":"product_cat-produits-a-base-de-tomates","7":"product_tag-sans-produits-laitiers","8":"product_tag-sans-oeufs","9":"product_tag-sans-gluten","10":"product_tag-sans-cereales","11":"product_tag-vegetalien","12":"product_tag-vegetarien","14":"first","15":"instock","16":"product-type-simple"},"acf":[],"yoast_head":"<!-- This site is optimized with the Yoast SEO plugin v22.3 - https:\/\/yoast.com\/wordpress\/plugins\/seo\/ -->\n<title>Passata de tomates | Vitto | In love with food<\/title>\n<meta name=\"description\" content=\"Passata de tomates lisse \u00e0 base de tomates italiennes m\u00fbries au soleil. Sans p\u00e9pins, texture lisse. Id\u00e9ale pour les sauces et les assortiments B2B \u00e0 temp\u00e9rature ambiante.\" \/>\n<meta name=\"robots\" content=\"index, follow, max-snippet:-1, max-image-preview:large, max-video-preview:-1\" \/>\n<link rel=\"canonical\" href=\"https:\/\/vittofood.com\/fr\/produit\/produits-a-base-de-tomates\/passata-de-tomates\/\" \/>\n<meta property=\"og:locale\" content=\"fr_FR\" \/>\n<meta property=\"og:type\" content=\"article\" \/>\n<meta property=\"og:title\" content=\"Passata de tomates | Vitto | In love with food\" \/>\n<meta property=\"og:description\" content=\"Passata de tomates lisse \u00e0 base de tomates italiennes m\u00fbries au soleil. Sans p\u00e9pins, texture lisse. Id\u00e9ale pour les sauces et les assortiments B2B \u00e0 temp\u00e9rature ambiante.\" \/>\n<meta property=\"og:url\" content=\"https:\/\/vittofood.com\/fr\/produit\/produits-a-base-de-tomates\/passata-de-tomates\/\" \/>\n<meta property=\"og:site_name\" content=\"Vitto | In love with food\" \/>\n<meta property=\"article:modified_time\" content=\"2026-01-26T22:53:05+00:00\" \/>\n<meta property=\"og:image\" content=\"https:\/\/vittofood.com\/vittosite\/wp-content\/uploads\/2025\/05\/CS-VITTO_Tomato-Passata_700g_01.png\" \/>\n\t<meta property=\"og:image:width\" content=\"900\" \/>\n\t<meta property=\"og:image:height\" content=\"900\" \/>\n\t<meta property=\"og:image:type\" content=\"image\/png\" \/>\n<meta name=\"twitter:card\" content=\"summary_large_image\" \/>\n<meta name=\"twitter:label1\" content=\"Est. reading time\" \/>\n\t<meta name=\"twitter:data1\" content=\"1 minute\" \/>\n<script type=\"application\/ld+json\" class=\"yoast-schema-graph\">{\"@context\":\"https:\/\/schema.org\",\"@graph\":[{\"@type\":\"WebPage\",\"@id\":\"https:\/\/vittofood.com\/fr\/produit\/produits-a-base-de-tomates\/passata-de-tomates\/\",\"url\":\"https:\/\/vittofood.com\/fr\/produit\/produits-a-base-de-tomates\/passata-de-tomates\/\",\"name\":\"Passata de tomates | Vitto | In love with food\",\"isPartOf\":{\"@id\":\"https:\/\/vittofood.com\/fr\/#website\"},\"primaryImageOfPage\":{\"@id\":\"https:\/\/vittofood.com\/fr\/produit\/produits-a-base-de-tomates\/passata-de-tomates\/#primaryimage\"},\"image\":{\"@id\":\"https:\/\/vittofood.com\/fr\/produit\/produits-a-base-de-tomates\/passata-de-tomates\/#primaryimage\"},\"thumbnailUrl\":\"https:\/\/vittofood.com\/vittosite\/wp-content\/uploads\/2025\/05\/CS-VITTO_Tomato-Passata_700g_01.png\",\"datePublished\":\"2025-05-30T14:31:55+00:00\",\"dateModified\":\"2026-01-26T22:53:05+00:00\",\"description\":\"Passata de tomates lisse \u00e0 base de tomates italiennes m\u00fbries au soleil. Sans p\u00e9pins, texture lisse. Id\u00e9ale pour les sauces et les assortiments B2B \u00e0 temp\u00e9rature ambiante.\",\"breadcrumb\":{\"@id\":\"https:\/\/vittofood.com\/fr\/produit\/produits-a-base-de-tomates\/passata-de-tomates\/#breadcrumb\"},\"inLanguage\":\"fr-FR\",\"potentialAction\":[{\"@type\":\"ReadAction\",\"target\":[\"https:\/\/vittofood.com\/fr\/produit\/produits-a-base-de-tomates\/passata-de-tomates\/\"]}]},{\"@type\":\"ImageObject\",\"inLanguage\":\"fr-FR\",\"@id\":\"https:\/\/vittofood.com\/fr\/produit\/produits-a-base-de-tomates\/passata-de-tomates\/#primaryimage\",\"url\":\"https:\/\/vittofood.com\/vittosite\/wp-content\/uploads\/2025\/05\/CS-VITTO_Tomato-Passata_700g_01.png\",\"contentUrl\":\"https:\/\/vittofood.com\/vittosite\/wp-content\/uploads\/2025\/05\/CS-VITTO_Tomato-Passata_700g_01.png\",\"width\":900,\"height\":900,\"caption\":\"Italian tomato passata \u2013 sieved smooth texture for sauces\"},{\"@type\":\"BreadcrumbList\",\"@id\":\"https:\/\/vittofood.com\/fr\/produit\/produits-a-base-de-tomates\/passata-de-tomates\/#breadcrumb\",\"itemListElement\":[{\"@type\":\"ListItem\",\"position\":1,\"name\":\"Produits\",\"item\":\"https:\/\/vittofood.com\/fr\/produits\/\"},{\"@type\":\"ListItem\",\"position\":2,\"name\":\"Passata de tomates\"}]},{\"@type\":\"WebSite\",\"@id\":\"https:\/\/vittofood.com\/fr\/#website\",\"url\":\"https:\/\/vittofood.com\/fr\/\",\"name\":\"Vitto | In love with food\",\"description\":\"It\u2019s easy to express your Italian side!\",\"potentialAction\":[{\"@type\":\"SearchAction\",\"target\":{\"@type\":\"EntryPoint\",\"urlTemplate\":\"https:\/\/vittofood.com\/fr\/?s={search_term_string}\"},\"query-input\":\"required name=search_term_string\"}],\"inLanguage\":\"fr-FR\"}]}<\/script>\n<!-- \/ Yoast SEO plugin. -->","yoast_head_json":{"title":"Passata de tomates | Vitto | In love with food","description":"Passata de tomates lisse \u00e0 base de tomates italiennes m\u00fbries au soleil. Sans p\u00e9pins, texture lisse. Id\u00e9ale pour les sauces et les assortiments B2B \u00e0 temp\u00e9rature ambiante.","robots":{"index":"index","follow":"follow","max-snippet":"max-snippet:-1","max-image-preview":"max-image-preview:large","max-video-preview":"max-video-preview:-1"},"canonical":"https:\/\/vittofood.com\/fr\/produit\/produits-a-base-de-tomates\/passata-de-tomates\/","og_locale":"fr_FR","og_type":"article","og_title":"Passata de tomates | Vitto | In love with food","og_description":"Passata de tomates lisse \u00e0 base de tomates italiennes m\u00fbries au soleil. Sans p\u00e9pins, texture lisse. Id\u00e9ale pour les sauces et les assortiments B2B \u00e0 temp\u00e9rature ambiante.","og_url":"https:\/\/vittofood.com\/fr\/produit\/produits-a-base-de-tomates\/passata-de-tomates\/","og_site_name":"Vitto | In love with food","article_modified_time":"2026-01-26T22:53:05+00:00","og_image":[{"width":900,"height":900,"url":"https:\/\/vittofood.com\/vittosite\/wp-content\/uploads\/2025\/05\/CS-VITTO_Tomato-Passata_700g_01.png","type":"image\/png"}],"twitter_card":"summary_large_image","twitter_misc":{"Est. reading time":"1 minute"},"schema":{"@context":"https:\/\/schema.org","@graph":[{"@type":"WebPage","@id":"https:\/\/vittofood.com\/fr\/produit\/produits-a-base-de-tomates\/passata-de-tomates\/","url":"https:\/\/vittofood.com\/fr\/produit\/produits-a-base-de-tomates\/passata-de-tomates\/","name":"Passata de tomates | Vitto | In love with food","isPartOf":{"@id":"https:\/\/vittofood.com\/fr\/#website"},"primaryImageOfPage":{"@id":"https:\/\/vittofood.com\/fr\/produit\/produits-a-base-de-tomates\/passata-de-tomates\/#primaryimage"},"image":{"@id":"https:\/\/vittofood.com\/fr\/produit\/produits-a-base-de-tomates\/passata-de-tomates\/#primaryimage"},"thumbnailUrl":"https:\/\/vittofood.com\/vittosite\/wp-content\/uploads\/2025\/05\/CS-VITTO_Tomato-Passata_700g_01.png","datePublished":"2025-05-30T14:31:55+00:00","dateModified":"2026-01-26T22:53:05+00:00","description":"Passata de tomates lisse \u00e0 base de tomates italiennes m\u00fbries au soleil. Sans p\u00e9pins, texture lisse. Id\u00e9ale pour les sauces et les assortiments B2B \u00e0 temp\u00e9rature ambiante.","breadcrumb":{"@id":"https:\/\/vittofood.com\/fr\/produit\/produits-a-base-de-tomates\/passata-de-tomates\/#breadcrumb"},"inLanguage":"fr-FR","potentialAction":[{"@type":"ReadAction","target":["https:\/\/vittofood.com\/fr\/produit\/produits-a-base-de-tomates\/passata-de-tomates\/"]}]},{"@type":"ImageObject","inLanguage":"fr-FR","@id":"https:\/\/vittofood.com\/fr\/produit\/produits-a-base-de-tomates\/passata-de-tomates\/#primaryimage","url":"https:\/\/vittofood.com\/vittosite\/wp-content\/uploads\/2025\/05\/CS-VITTO_Tomato-Passata_700g_01.png","contentUrl":"https:\/\/vittofood.com\/vittosite\/wp-content\/uploads\/2025\/05\/CS-VITTO_Tomato-Passata_700g_01.png","width":900,"height":900,"caption":"Italian tomato passata \u2013 sieved smooth texture for sauces"},{"@type":"BreadcrumbList","@id":"https:\/\/vittofood.com\/fr\/produit\/produits-a-base-de-tomates\/passata-de-tomates\/#breadcrumb","itemListElement":[{"@type":"ListItem","position":1,"name":"Produits","item":"https:\/\/vittofood.com\/fr\/produits\/"},{"@type":"ListItem","position":2,"name":"Passata de tomates"}]},{"@type":"WebSite","@id":"https:\/\/vittofood.com\/fr\/#website","url":"https:\/\/vittofood.com\/fr\/","name":"Vitto | In love with food","description":"It\u2019s easy to express your Italian side!","potentialAction":[{"@type":"SearchAction","target":{"@type":"EntryPoint","urlTemplate":"https:\/\/vittofood.com\/fr\/?s={search_term_string}"},"query-input":"required name=search_term_string"}],"inLanguage":"fr-FR"}]}},"_links":{"self":[{"href":"https:\/\/vittofood.com\/fr\/wp-json\/wp\/v2\/product\/2361","targetHints":{"allow":["GET"]}}],"collection":[{"href":"https:\/\/vittofood.com\/fr\/wp-json\/wp\/v2\/product"}],"about":[{"href":"https:\/\/vittofood.com\/fr\/wp-json\/wp\/v2\/types\/product"}],"replies":[{"embeddable":true,"href":"https:\/\/vittofood.com\/fr\/wp-json\/wp\/v2\/comments?post=2361"}],"wp:featuredmedia":[{"embeddable":true,"href":"https:\/\/vittofood.com\/fr\/wp-json\/wp\/v2\/media\/2363"}],"wp:attachment":[{"href":"https:\/\/vittofood.com\/fr\/wp-json\/wp\/v2\/media?parent=2361"}],"wp:term":[{"taxonomy":"product_cat","embeddable":true,"href":"https:\/\/vittofood.com\/fr\/wp-json\/wp\/v2\/product_cat?post=2361"},{"taxonomy":"product_tag","embeddable":true,"href":"https:\/\/vittofood.com\/fr\/wp-json\/wp\/v2\/product_tag?post=2361"}],"curies":[{"name":"wp","href":"https:\/\/api.w.org\/{rel}","templated":true}]}}