{"id":2371,"date":"2025-06-03T16:16:54","date_gmt":"2025-06-03T14:16:54","guid":{"rendered":"https:\/\/vittofood.com\/?post_type=product&#038;p=2371"},"modified":"2026-01-26T23:59:13","modified_gmt":"2026-01-26T22:59:13","slug":"bouchees-de-pizza-margherita","status":"publish","type":"product","link":"https:\/\/vittofood.com\/fr\/produit\/produits-de-boulangerie\/bouchees-de-pizza-margherita\/","title":{"rendered":"Bouch\u00e9es de pizza Margherita"},"content":{"rendered":"<p>Mini-bouch\u00e9es de pizza \u00e0 la tomate et \u00e0 la mozzarella. Une saveur douce et famili\u00e8re dans chaque bouch\u00e9e.<\/p>\n","protected":false},"excerpt":{"rendered":"<p>Bouch\u00e9es de pizza \u00e0 la tomate et \u00e0 la mozzarella<\/p>\n","protected":false},"featured_media":2372,"comment_status":"closed","ping_status":"closed","template":"","meta":{"_acf_changed":false},"product_cat":[109],"product_tag":[120],"class_list":{"0":"post-2371","1":"product","2":"type-product","3":"status-publish","4":"has-post-thumbnail","6":"product_cat-produits-de-boulangerie","7":"product_tag-sans-gluten","9":"first","10":"instock","11":"product-type-simple"},"acf":[],"yoast_head":"<!-- This site is optimized with the Yoast SEO plugin v22.3 - https:\/\/yoast.com\/wordpress\/plugins\/seo\/ -->\n<title>Mini-bouch\u00e9es de pizza Margherita \u2013 Tomate et mozzarella | Vitto | In love with food<\/title>\n<meta name=\"description\" content=\"Mini-bouch\u00e9es de pizza \u00e0 la tomate et \u00e0 la mozzarella. Pr\u00eates \u00e0 enfourner, famili\u00e8res et moelleuses \u00e0 c\u0153ur.\" \/>\n<meta name=\"robots\" content=\"index, follow, max-snippet:-1, max-image-preview:large, max-video-preview:-1\" \/>\n<link rel=\"canonical\" href=\"https:\/\/vittofood.com\/fr\/produit\/produits-de-boulangerie\/bouchees-de-pizza-margherita\/\" \/>\n<meta property=\"og:locale\" content=\"fr_FR\" \/>\n<meta property=\"og:type\" content=\"article\" \/>\n<meta property=\"og:title\" content=\"Mini-bouch\u00e9es de pizza Margherita \u2013 Tomate et mozzarella | Vitto | In love with food\" \/>\n<meta property=\"og:description\" content=\"Mini-bouch\u00e9es de pizza \u00e0 la tomate et \u00e0 la mozzarella. Pr\u00eates \u00e0 enfourner, famili\u00e8res et moelleuses \u00e0 c\u0153ur.\" \/>\n<meta property=\"og:url\" content=\"https:\/\/vittofood.com\/fr\/produit\/produits-de-boulangerie\/bouchees-de-pizza-margherita\/\" \/>\n<meta property=\"og:site_name\" content=\"Vitto | In love with food\" \/>\n<meta property=\"article:modified_time\" content=\"2026-01-26T22:59:13+00:00\" \/>\n<meta property=\"og:image\" content=\"https:\/\/vittofood.com\/vittosite\/wp-content\/uploads\/2025\/06\/VITTO_Pizza-bites_Margherita_front-1.webp\" \/>\n\t<meta property=\"og:image:width\" content=\"900\" \/>\n\t<meta property=\"og:image:height\" content=\"900\" \/>\n\t<meta property=\"og:image:type\" content=\"image\/webp\" \/>\n<meta name=\"twitter:card\" content=\"summary_large_image\" \/>\n<meta name=\"twitter:label1\" content=\"Est. reading time\" \/>\n\t<meta name=\"twitter:data1\" content=\"1 minute\" \/>\n<script type=\"application\/ld+json\" class=\"yoast-schema-graph\">{\"@context\":\"https:\/\/schema.org\",\"@graph\":[{\"@type\":\"WebPage\",\"@id\":\"https:\/\/vittofood.com\/fr\/produit\/produits-de-boulangerie\/bouchees-de-pizza-margherita\/\",\"url\":\"https:\/\/vittofood.com\/fr\/produit\/produits-de-boulangerie\/bouchees-de-pizza-margherita\/\",\"name\":\"Mini-bouch\u00e9es de pizza Margherita \u2013 Tomate et mozzarella | Vitto | In love with food\",\"isPartOf\":{\"@id\":\"https:\/\/vittofood.com\/fr\/#website\"},\"primaryImageOfPage\":{\"@id\":\"https:\/\/vittofood.com\/fr\/produit\/produits-de-boulangerie\/bouchees-de-pizza-margherita\/#primaryimage\"},\"image\":{\"@id\":\"https:\/\/vittofood.com\/fr\/produit\/produits-de-boulangerie\/bouchees-de-pizza-margherita\/#primaryimage\"},\"thumbnailUrl\":\"https:\/\/vittofood.com\/vittosite\/wp-content\/uploads\/2025\/06\/VITTO_Pizza-bites_Margherita_front-1.webp\",\"datePublished\":\"2025-06-03T14:16:54+00:00\",\"dateModified\":\"2026-01-26T22:59:13+00:00\",\"description\":\"Mini-bouch\u00e9es de pizza \u00e0 la tomate et \u00e0 la mozzarella. Pr\u00eates \u00e0 enfourner, famili\u00e8res et moelleuses \u00e0 c\u0153ur.\",\"breadcrumb\":{\"@id\":\"https:\/\/vittofood.com\/fr\/produit\/produits-de-boulangerie\/bouchees-de-pizza-margherita\/#breadcrumb\"},\"inLanguage\":\"fr-FR\",\"potentialAction\":[{\"@type\":\"ReadAction\",\"target\":[\"https:\/\/vittofood.com\/fr\/produit\/produits-de-boulangerie\/bouchees-de-pizza-margherita\/\"]}]},{\"@type\":\"ImageObject\",\"inLanguage\":\"fr-FR\",\"@id\":\"https:\/\/vittofood.com\/fr\/produit\/produits-de-boulangerie\/bouchees-de-pizza-margherita\/#primaryimage\",\"url\":\"https:\/\/vittofood.com\/vittosite\/wp-content\/uploads\/2025\/06\/VITTO_Pizza-bites_Margherita_front-1.webp\",\"contentUrl\":\"https:\/\/vittofood.com\/vittosite\/wp-content\/uploads\/2025\/06\/VITTO_Pizza-bites_Margherita_front-1.webp\",\"width\":900,\"height\":900,\"caption\":\"Margherita pizza bites \u2013 tomato and mozzarella stuffed snack\"},{\"@type\":\"BreadcrumbList\",\"@id\":\"https:\/\/vittofood.com\/fr\/produit\/produits-de-boulangerie\/bouchees-de-pizza-margherita\/#breadcrumb\",\"itemListElement\":[{\"@type\":\"ListItem\",\"position\":1,\"name\":\"Produits\",\"item\":\"https:\/\/vittofood.com\/fr\/produits\/\"},{\"@type\":\"ListItem\",\"position\":2,\"name\":\"Bouch\u00e9es de pizza Margherita\"}]},{\"@type\":\"WebSite\",\"@id\":\"https:\/\/vittofood.com\/fr\/#website\",\"url\":\"https:\/\/vittofood.com\/fr\/\",\"name\":\"Vitto | In love with food\",\"description\":\"It\u2019s easy to express your Italian side!\",\"potentialAction\":[{\"@type\":\"SearchAction\",\"target\":{\"@type\":\"EntryPoint\",\"urlTemplate\":\"https:\/\/vittofood.com\/fr\/?s={search_term_string}\"},\"query-input\":\"required name=search_term_string\"}],\"inLanguage\":\"fr-FR\"}]}<\/script>\n<!-- \/ Yoast SEO plugin. -->","yoast_head_json":{"title":"Mini-bouch\u00e9es de pizza Margherita \u2013 Tomate et mozzarella | Vitto | In love with food","description":"Mini-bouch\u00e9es de pizza \u00e0 la tomate et \u00e0 la mozzarella. Pr\u00eates \u00e0 enfourner, famili\u00e8res et moelleuses \u00e0 c\u0153ur.","robots":{"index":"index","follow":"follow","max-snippet":"max-snippet:-1","max-image-preview":"max-image-preview:large","max-video-preview":"max-video-preview:-1"},"canonical":"https:\/\/vittofood.com\/fr\/produit\/produits-de-boulangerie\/bouchees-de-pizza-margherita\/","og_locale":"fr_FR","og_type":"article","og_title":"Mini-bouch\u00e9es de pizza Margherita \u2013 Tomate et mozzarella | Vitto | In love with food","og_description":"Mini-bouch\u00e9es de pizza \u00e0 la tomate et \u00e0 la mozzarella. Pr\u00eates \u00e0 enfourner, famili\u00e8res et moelleuses \u00e0 c\u0153ur.","og_url":"https:\/\/vittofood.com\/fr\/produit\/produits-de-boulangerie\/bouchees-de-pizza-margherita\/","og_site_name":"Vitto | In love with food","article_modified_time":"2026-01-26T22:59:13+00:00","og_image":[{"width":900,"height":900,"url":"https:\/\/vittofood.com\/vittosite\/wp-content\/uploads\/2025\/06\/VITTO_Pizza-bites_Margherita_front-1.webp","type":"image\/webp"}],"twitter_card":"summary_large_image","twitter_misc":{"Est. reading time":"1 minute"},"schema":{"@context":"https:\/\/schema.org","@graph":[{"@type":"WebPage","@id":"https:\/\/vittofood.com\/fr\/produit\/produits-de-boulangerie\/bouchees-de-pizza-margherita\/","url":"https:\/\/vittofood.com\/fr\/produit\/produits-de-boulangerie\/bouchees-de-pizza-margherita\/","name":"Mini-bouch\u00e9es de pizza Margherita \u2013 Tomate et mozzarella | Vitto | In love with food","isPartOf":{"@id":"https:\/\/vittofood.com\/fr\/#website"},"primaryImageOfPage":{"@id":"https:\/\/vittofood.com\/fr\/produit\/produits-de-boulangerie\/bouchees-de-pizza-margherita\/#primaryimage"},"image":{"@id":"https:\/\/vittofood.com\/fr\/produit\/produits-de-boulangerie\/bouchees-de-pizza-margherita\/#primaryimage"},"thumbnailUrl":"https:\/\/vittofood.com\/vittosite\/wp-content\/uploads\/2025\/06\/VITTO_Pizza-bites_Margherita_front-1.webp","datePublished":"2025-06-03T14:16:54+00:00","dateModified":"2026-01-26T22:59:13+00:00","description":"Mini-bouch\u00e9es de pizza \u00e0 la tomate et \u00e0 la mozzarella. Pr\u00eates \u00e0 enfourner, famili\u00e8res et moelleuses \u00e0 c\u0153ur.","breadcrumb":{"@id":"https:\/\/vittofood.com\/fr\/produit\/produits-de-boulangerie\/bouchees-de-pizza-margherita\/#breadcrumb"},"inLanguage":"fr-FR","potentialAction":[{"@type":"ReadAction","target":["https:\/\/vittofood.com\/fr\/produit\/produits-de-boulangerie\/bouchees-de-pizza-margherita\/"]}]},{"@type":"ImageObject","inLanguage":"fr-FR","@id":"https:\/\/vittofood.com\/fr\/produit\/produits-de-boulangerie\/bouchees-de-pizza-margherita\/#primaryimage","url":"https:\/\/vittofood.com\/vittosite\/wp-content\/uploads\/2025\/06\/VITTO_Pizza-bites_Margherita_front-1.webp","contentUrl":"https:\/\/vittofood.com\/vittosite\/wp-content\/uploads\/2025\/06\/VITTO_Pizza-bites_Margherita_front-1.webp","width":900,"height":900,"caption":"Margherita pizza bites \u2013 tomato and mozzarella stuffed snack"},{"@type":"BreadcrumbList","@id":"https:\/\/vittofood.com\/fr\/produit\/produits-de-boulangerie\/bouchees-de-pizza-margherita\/#breadcrumb","itemListElement":[{"@type":"ListItem","position":1,"name":"Produits","item":"https:\/\/vittofood.com\/fr\/produits\/"},{"@type":"ListItem","position":2,"name":"Bouch\u00e9es de pizza Margherita"}]},{"@type":"WebSite","@id":"https:\/\/vittofood.com\/fr\/#website","url":"https:\/\/vittofood.com\/fr\/","name":"Vitto | In love with food","description":"It\u2019s easy to express your Italian side!","potentialAction":[{"@type":"SearchAction","target":{"@type":"EntryPoint","urlTemplate":"https:\/\/vittofood.com\/fr\/?s={search_term_string}"},"query-input":"required name=search_term_string"}],"inLanguage":"fr-FR"}]}},"_links":{"self":[{"href":"https:\/\/vittofood.com\/fr\/wp-json\/wp\/v2\/product\/2371","targetHints":{"allow":["GET"]}}],"collection":[{"href":"https:\/\/vittofood.com\/fr\/wp-json\/wp\/v2\/product"}],"about":[{"href":"https:\/\/vittofood.com\/fr\/wp-json\/wp\/v2\/types\/product"}],"replies":[{"embeddable":true,"href":"https:\/\/vittofood.com\/fr\/wp-json\/wp\/v2\/comments?post=2371"}],"wp:featuredmedia":[{"embeddable":true,"href":"https:\/\/vittofood.com\/fr\/wp-json\/wp\/v2\/media\/2372"}],"wp:attachment":[{"href":"https:\/\/vittofood.com\/fr\/wp-json\/wp\/v2\/media?parent=2371"}],"wp:term":[{"taxonomy":"product_cat","embeddable":true,"href":"https:\/\/vittofood.com\/fr\/wp-json\/wp\/v2\/product_cat?post=2371"},{"taxonomy":"product_tag","embeddable":true,"href":"https:\/\/vittofood.com\/fr\/wp-json\/wp\/v2\/product_tag?post=2371"}],"curies":[{"name":"wp","href":"https:\/\/api.w.org\/{rel}","templated":true}]}}