{"id":2427,"date":"2025-06-03T16:16:54","date_gmt":"2025-06-03T14:16:54","guid":{"rendered":"https:\/\/vittofood.com\/?post_type=product&#038;p=2427"},"modified":"2026-01-27T00:22:14","modified_gmt":"2026-01-26T23:22:14","slug":"sauce-tomate-et-mascarpone","status":"publish","type":"product","link":"https:\/\/vittofood.com\/fr\/produit\/sauces-pour-pates\/sauce-tomate-et-mascarpone\/","title":{"rendered":"Sauce tomate et mascarpone"},"content":{"rendered":"<p>Une sauce onctueuse \u00e0 base de tomates enrichie de mascarpone. \u00c9quilibr\u00e9e, velout\u00e9e, elle est id\u00e9ale pour apporter de l'onctuosit\u00e9 aux plats de p\u00e2tes.<\/p>\n","protected":false},"excerpt":{"rendered":"<p>Sauce tomate cr\u00e9meuse pour p\u00e2tes<\/p>\n","protected":false},"featured_media":2428,"comment_status":"closed","ping_status":"closed","template":"","meta":{"_acf_changed":false},"product_cat":[106],"product_tag":[],"class_list":{"0":"post-2427","1":"product","2":"type-product","3":"status-publish","4":"has-post-thumbnail","6":"product_cat-sauces-pour-pates","8":"first","9":"instock","10":"product-type-simple"},"acf":[],"yoast_head":"<!-- This site is optimized with the Yoast SEO plugin v22.3 - https:\/\/yoast.com\/wordpress\/plugins\/seo\/ -->\n<title>Sauce pour p\u00e2tes \u00e0 la tomate et au mascarpone \u2013 Cr\u00e9meuse et douce | Vitto | In love with food<\/title>\n<meta name=\"description\" content=\"Sauce pour p\u00e2tes \u00e0 base de tomates enrichie de mascarpone. Cr\u00e9meuse, \u00e9quilibr\u00e9e et pr\u00eate \u00e0 l&#039;emploi. Id\u00e9ale pour les plats de p\u00e2tes \u00e0 la saveur douce.\" \/>\n<meta name=\"robots\" content=\"index, follow, max-snippet:-1, max-image-preview:large, max-video-preview:-1\" \/>\n<link rel=\"canonical\" href=\"https:\/\/vittofood.com\/fr\/produit\/sauces-pour-pates\/sauce-tomate-et-mascarpone\/\" \/>\n<meta property=\"og:locale\" content=\"fr_FR\" \/>\n<meta property=\"og:type\" content=\"article\" \/>\n<meta property=\"og:title\" content=\"Sauce pour p\u00e2tes \u00e0 la tomate et au mascarpone \u2013 Cr\u00e9meuse et douce | Vitto | In love with food\" \/>\n<meta property=\"og:description\" content=\"Sauce pour p\u00e2tes \u00e0 base de tomates enrichie de mascarpone. Cr\u00e9meuse, \u00e9quilibr\u00e9e et pr\u00eate \u00e0 l&#039;emploi. Id\u00e9ale pour les plats de p\u00e2tes \u00e0 la saveur douce.\" \/>\n<meta property=\"og:url\" content=\"https:\/\/vittofood.com\/fr\/produit\/sauces-pour-pates\/sauce-tomate-et-mascarpone\/\" \/>\n<meta property=\"og:site_name\" content=\"Vitto | In love with food\" \/>\n<meta property=\"article:modified_time\" content=\"2026-01-26T23:22:14+00:00\" \/>\n<meta property=\"og:image\" content=\"https:\/\/vittofood.com\/vittosite\/wp-content\/uploads\/2025\/06\/Vitto_Pasta-sauce_350g-1.webp\" \/>\n\t<meta property=\"og:image:width\" content=\"900\" \/>\n\t<meta property=\"og:image:height\" content=\"900\" \/>\n\t<meta property=\"og:image:type\" content=\"image\/webp\" \/>\n<meta name=\"twitter:card\" content=\"summary_large_image\" \/>\n<meta name=\"twitter:label1\" content=\"Est. reading time\" \/>\n\t<meta name=\"twitter:data1\" content=\"1 minute\" \/>\n<script type=\"application\/ld+json\" class=\"yoast-schema-graph\">{\"@context\":\"https:\/\/schema.org\",\"@graph\":[{\"@type\":\"WebPage\",\"@id\":\"https:\/\/vittofood.com\/fr\/produit\/sauces-pour-pates\/sauce-tomate-et-mascarpone\/\",\"url\":\"https:\/\/vittofood.com\/fr\/produit\/sauces-pour-pates\/sauce-tomate-et-mascarpone\/\",\"name\":\"Sauce pour p\u00e2tes \u00e0 la tomate et au mascarpone \u2013 Cr\u00e9meuse et douce | Vitto | In love with food\",\"isPartOf\":{\"@id\":\"https:\/\/vittofood.com\/fr\/#website\"},\"primaryImageOfPage\":{\"@id\":\"https:\/\/vittofood.com\/fr\/produit\/sauces-pour-pates\/sauce-tomate-et-mascarpone\/#primaryimage\"},\"image\":{\"@id\":\"https:\/\/vittofood.com\/fr\/produit\/sauces-pour-pates\/sauce-tomate-et-mascarpone\/#primaryimage\"},\"thumbnailUrl\":\"https:\/\/vittofood.com\/vittosite\/wp-content\/uploads\/2025\/06\/Vitto_Pasta-sauce_350g-1.webp\",\"datePublished\":\"2025-06-03T14:16:54+00:00\",\"dateModified\":\"2026-01-26T23:22:14+00:00\",\"description\":\"Sauce pour p\u00e2tes \u00e0 base de tomates enrichie de mascarpone. Cr\u00e9meuse, \u00e9quilibr\u00e9e et pr\u00eate \u00e0 l'emploi. Id\u00e9ale pour les plats de p\u00e2tes \u00e0 la saveur douce.\",\"breadcrumb\":{\"@id\":\"https:\/\/vittofood.com\/fr\/produit\/sauces-pour-pates\/sauce-tomate-et-mascarpone\/#breadcrumb\"},\"inLanguage\":\"fr-FR\",\"potentialAction\":[{\"@type\":\"ReadAction\",\"target\":[\"https:\/\/vittofood.com\/fr\/produit\/sauces-pour-pates\/sauce-tomate-et-mascarpone\/\"]}]},{\"@type\":\"ImageObject\",\"inLanguage\":\"fr-FR\",\"@id\":\"https:\/\/vittofood.com\/fr\/produit\/sauces-pour-pates\/sauce-tomate-et-mascarpone\/#primaryimage\",\"url\":\"https:\/\/vittofood.com\/vittosite\/wp-content\/uploads\/2025\/06\/Vitto_Pasta-sauce_350g-1.webp\",\"contentUrl\":\"https:\/\/vittofood.com\/vittosite\/wp-content\/uploads\/2025\/06\/Vitto_Pasta-sauce_350g-1.webp\",\"width\":900,\"height\":900,\"caption\":\"Tomato & mascarpone pasta sauce \u2013 creamy tomato base with cheese\"},{\"@type\":\"BreadcrumbList\",\"@id\":\"https:\/\/vittofood.com\/fr\/produit\/sauces-pour-pates\/sauce-tomate-et-mascarpone\/#breadcrumb\",\"itemListElement\":[{\"@type\":\"ListItem\",\"position\":1,\"name\":\"Produits\",\"item\":\"https:\/\/vittofood.com\/fr\/produits\/\"},{\"@type\":\"ListItem\",\"position\":2,\"name\":\"Sauce tomate et mascarpone\"}]},{\"@type\":\"WebSite\",\"@id\":\"https:\/\/vittofood.com\/fr\/#website\",\"url\":\"https:\/\/vittofood.com\/fr\/\",\"name\":\"Vitto | In love with food\",\"description\":\"It\u2019s easy to express your Italian side!\",\"potentialAction\":[{\"@type\":\"SearchAction\",\"target\":{\"@type\":\"EntryPoint\",\"urlTemplate\":\"https:\/\/vittofood.com\/fr\/?s={search_term_string}\"},\"query-input\":\"required name=search_term_string\"}],\"inLanguage\":\"fr-FR\"}]}<\/script>\n<!-- \/ Yoast SEO plugin. -->","yoast_head_json":{"title":"Sauce pour p\u00e2tes \u00e0 la tomate et au mascarpone \u2013 Cr\u00e9meuse et douce | Vitto | In love with food","description":"Sauce pour p\u00e2tes \u00e0 base de tomates enrichie de mascarpone. Cr\u00e9meuse, \u00e9quilibr\u00e9e et pr\u00eate \u00e0 l'emploi. Id\u00e9ale pour les plats de p\u00e2tes \u00e0 la saveur douce.","robots":{"index":"index","follow":"follow","max-snippet":"max-snippet:-1","max-image-preview":"max-image-preview:large","max-video-preview":"max-video-preview:-1"},"canonical":"https:\/\/vittofood.com\/fr\/produit\/sauces-pour-pates\/sauce-tomate-et-mascarpone\/","og_locale":"fr_FR","og_type":"article","og_title":"Sauce pour p\u00e2tes \u00e0 la tomate et au mascarpone \u2013 Cr\u00e9meuse et douce | Vitto | In love with food","og_description":"Sauce pour p\u00e2tes \u00e0 base de tomates enrichie de mascarpone. Cr\u00e9meuse, \u00e9quilibr\u00e9e et pr\u00eate \u00e0 l'emploi. Id\u00e9ale pour les plats de p\u00e2tes \u00e0 la saveur douce.","og_url":"https:\/\/vittofood.com\/fr\/produit\/sauces-pour-pates\/sauce-tomate-et-mascarpone\/","og_site_name":"Vitto | In love with food","article_modified_time":"2026-01-26T23:22:14+00:00","og_image":[{"width":900,"height":900,"url":"https:\/\/vittofood.com\/vittosite\/wp-content\/uploads\/2025\/06\/Vitto_Pasta-sauce_350g-1.webp","type":"image\/webp"}],"twitter_card":"summary_large_image","twitter_misc":{"Est. reading time":"1 minute"},"schema":{"@context":"https:\/\/schema.org","@graph":[{"@type":"WebPage","@id":"https:\/\/vittofood.com\/fr\/produit\/sauces-pour-pates\/sauce-tomate-et-mascarpone\/","url":"https:\/\/vittofood.com\/fr\/produit\/sauces-pour-pates\/sauce-tomate-et-mascarpone\/","name":"Sauce pour p\u00e2tes \u00e0 la tomate et au mascarpone \u2013 Cr\u00e9meuse et douce | Vitto | In love with food","isPartOf":{"@id":"https:\/\/vittofood.com\/fr\/#website"},"primaryImageOfPage":{"@id":"https:\/\/vittofood.com\/fr\/produit\/sauces-pour-pates\/sauce-tomate-et-mascarpone\/#primaryimage"},"image":{"@id":"https:\/\/vittofood.com\/fr\/produit\/sauces-pour-pates\/sauce-tomate-et-mascarpone\/#primaryimage"},"thumbnailUrl":"https:\/\/vittofood.com\/vittosite\/wp-content\/uploads\/2025\/06\/Vitto_Pasta-sauce_350g-1.webp","datePublished":"2025-06-03T14:16:54+00:00","dateModified":"2026-01-26T23:22:14+00:00","description":"Sauce pour p\u00e2tes \u00e0 base de tomates enrichie de mascarpone. Cr\u00e9meuse, \u00e9quilibr\u00e9e et pr\u00eate \u00e0 l'emploi. Id\u00e9ale pour les plats de p\u00e2tes \u00e0 la saveur douce.","breadcrumb":{"@id":"https:\/\/vittofood.com\/fr\/produit\/sauces-pour-pates\/sauce-tomate-et-mascarpone\/#breadcrumb"},"inLanguage":"fr-FR","potentialAction":[{"@type":"ReadAction","target":["https:\/\/vittofood.com\/fr\/produit\/sauces-pour-pates\/sauce-tomate-et-mascarpone\/"]}]},{"@type":"ImageObject","inLanguage":"fr-FR","@id":"https:\/\/vittofood.com\/fr\/produit\/sauces-pour-pates\/sauce-tomate-et-mascarpone\/#primaryimage","url":"https:\/\/vittofood.com\/vittosite\/wp-content\/uploads\/2025\/06\/Vitto_Pasta-sauce_350g-1.webp","contentUrl":"https:\/\/vittofood.com\/vittosite\/wp-content\/uploads\/2025\/06\/Vitto_Pasta-sauce_350g-1.webp","width":900,"height":900,"caption":"Tomato & mascarpone pasta sauce \u2013 creamy tomato base with cheese"},{"@type":"BreadcrumbList","@id":"https:\/\/vittofood.com\/fr\/produit\/sauces-pour-pates\/sauce-tomate-et-mascarpone\/#breadcrumb","itemListElement":[{"@type":"ListItem","position":1,"name":"Produits","item":"https:\/\/vittofood.com\/fr\/produits\/"},{"@type":"ListItem","position":2,"name":"Sauce tomate et mascarpone"}]},{"@type":"WebSite","@id":"https:\/\/vittofood.com\/fr\/#website","url":"https:\/\/vittofood.com\/fr\/","name":"Vitto | In love with food","description":"It\u2019s easy to express your Italian side!","potentialAction":[{"@type":"SearchAction","target":{"@type":"EntryPoint","urlTemplate":"https:\/\/vittofood.com\/fr\/?s={search_term_string}"},"query-input":"required name=search_term_string"}],"inLanguage":"fr-FR"}]}},"_links":{"self":[{"href":"https:\/\/vittofood.com\/fr\/wp-json\/wp\/v2\/product\/2427","targetHints":{"allow":["GET"]}}],"collection":[{"href":"https:\/\/vittofood.com\/fr\/wp-json\/wp\/v2\/product"}],"about":[{"href":"https:\/\/vittofood.com\/fr\/wp-json\/wp\/v2\/types\/product"}],"replies":[{"embeddable":true,"href":"https:\/\/vittofood.com\/fr\/wp-json\/wp\/v2\/comments?post=2427"}],"wp:featuredmedia":[{"embeddable":true,"href":"https:\/\/vittofood.com\/fr\/wp-json\/wp\/v2\/media\/2428"}],"wp:attachment":[{"href":"https:\/\/vittofood.com\/fr\/wp-json\/wp\/v2\/media?parent=2427"}],"wp:term":[{"taxonomy":"product_cat","embeddable":true,"href":"https:\/\/vittofood.com\/fr\/wp-json\/wp\/v2\/product_cat?post=2427"},{"taxonomy":"product_tag","embeddable":true,"href":"https:\/\/vittofood.com\/fr\/wp-json\/wp\/v2\/product_tag?post=2427"}],"curies":[{"name":"wp","href":"https:\/\/api.w.org\/{rel}","templated":true}]}}