{"id":2435,"date":"2025-05-30T16:31:55","date_gmt":"2025-05-30T14:31:55","guid":{"rendered":"https:\/\/vittofood.com\/?post_type=product&#038;p=2435"},"modified":"2026-01-27T00:30:17","modified_gmt":"2026-01-26T23:30:17","slug":"grissini-classiques","status":"publish","type":"product","link":"https:\/\/vittofood.com\/fr\/produit\/snacks\/grissini-classiques\/","title":{"rendered":"Grissini classiques"},"content":{"rendered":"<p>Grissini classiques pr\u00e9par\u00e9s avec des ingr\u00e9dients simples et cuits jusqu'\u00e0 obtenir un croustillant dor\u00e9. Une option polyvalente pour accompagner l'ap\u00e9ritif et les antipasti.<\/p>\n","protected":false},"excerpt":{"rendered":"<p>Gressins italiens traditionnels<\/p>\n","protected":false},"featured_media":2437,"comment_status":"closed","ping_status":"closed","template":"","meta":{"_acf_changed":false},"product_cat":[110],"product_tag":[118,119,122,123],"class_list":{"0":"post-2435","1":"product","2":"type-product","3":"status-publish","4":"has-post-thumbnail","6":"product_cat-snacks","7":"product_tag-sans-produits-laitiers","8":"product_tag-sans-oeufs","9":"product_tag-vegetalien","10":"product_tag-vegetarien","12":"first","13":"instock","14":"product-type-simple"},"acf":[],"yoast_head":"<!-- This site is optimized with the Yoast SEO plugin v22.3 - https:\/\/yoast.com\/wordpress\/plugins\/seo\/ -->\n<title>Grissini italiens classiques \u2013 Gressins traditionnels | Vitto | In love with food<\/title>\n<meta name=\"description\" content=\"Grissini dor\u00e9s et croustillants pr\u00e9par\u00e9s selon la tradition italienne. Un gressin polyvalent, parfait pour les antipasti et les assortiments de snacks.\" \/>\n<meta name=\"robots\" content=\"index, follow, max-snippet:-1, max-image-preview:large, max-video-preview:-1\" \/>\n<link rel=\"canonical\" href=\"https:\/\/vittofood.com\/fr\/produit\/snacks\/grissini-classiques\/\" \/>\n<meta property=\"og:locale\" content=\"fr_FR\" \/>\n<meta property=\"og:type\" content=\"article\" \/>\n<meta property=\"og:title\" content=\"Grissini italiens classiques \u2013 Gressins traditionnels | Vitto | In love with food\" \/>\n<meta property=\"og:description\" content=\"Grissini dor\u00e9s et croustillants pr\u00e9par\u00e9s selon la tradition italienne. Un gressin polyvalent, parfait pour les antipasti et les assortiments de snacks.\" \/>\n<meta property=\"og:url\" content=\"https:\/\/vittofood.com\/fr\/produit\/snacks\/grissini-classiques\/\" \/>\n<meta property=\"og:site_name\" content=\"Vitto | In love with food\" \/>\n<meta property=\"article:modified_time\" content=\"2026-01-26T23:30:17+00:00\" \/>\n<meta property=\"og:image\" content=\"https:\/\/vittofood.com\/vittosite\/wp-content\/uploads\/2025\/05\/CS-Vitto_Grissini_125g.png\" \/>\n\t<meta property=\"og:image:width\" content=\"900\" \/>\n\t<meta property=\"og:image:height\" content=\"900\" \/>\n\t<meta property=\"og:image:type\" content=\"image\/png\" \/>\n<meta name=\"twitter:card\" content=\"summary_large_image\" \/>\n<meta name=\"twitter:label1\" content=\"Est. reading time\" \/>\n\t<meta name=\"twitter:data1\" content=\"1 minute\" \/>\n<script type=\"application\/ld+json\" class=\"yoast-schema-graph\">{\"@context\":\"https:\/\/schema.org\",\"@graph\":[{\"@type\":\"WebPage\",\"@id\":\"https:\/\/vittofood.com\/fr\/produit\/snacks\/grissini-classiques\/\",\"url\":\"https:\/\/vittofood.com\/fr\/produit\/snacks\/grissini-classiques\/\",\"name\":\"Grissini italiens classiques \u2013 Gressins traditionnels | Vitto | In love with food\",\"isPartOf\":{\"@id\":\"https:\/\/vittofood.com\/fr\/#website\"},\"primaryImageOfPage\":{\"@id\":\"https:\/\/vittofood.com\/fr\/produit\/snacks\/grissini-classiques\/#primaryimage\"},\"image\":{\"@id\":\"https:\/\/vittofood.com\/fr\/produit\/snacks\/grissini-classiques\/#primaryimage\"},\"thumbnailUrl\":\"https:\/\/vittofood.com\/vittosite\/wp-content\/uploads\/2025\/05\/CS-Vitto_Grissini_125g.png\",\"datePublished\":\"2025-05-30T14:31:55+00:00\",\"dateModified\":\"2026-01-26T23:30:17+00:00\",\"description\":\"Grissini dor\u00e9s et croustillants pr\u00e9par\u00e9s selon la tradition italienne. Un gressin polyvalent, parfait pour les antipasti et les assortiments de snacks.\",\"breadcrumb\":{\"@id\":\"https:\/\/vittofood.com\/fr\/produit\/snacks\/grissini-classiques\/#breadcrumb\"},\"inLanguage\":\"fr-FR\",\"potentialAction\":[{\"@type\":\"ReadAction\",\"target\":[\"https:\/\/vittofood.com\/fr\/produit\/snacks\/grissini-classiques\/\"]}]},{\"@type\":\"ImageObject\",\"inLanguage\":\"fr-FR\",\"@id\":\"https:\/\/vittofood.com\/fr\/produit\/snacks\/grissini-classiques\/#primaryimage\",\"url\":\"https:\/\/vittofood.com\/vittosite\/wp-content\/uploads\/2025\/05\/CS-Vitto_Grissini_125g.png\",\"contentUrl\":\"https:\/\/vittofood.com\/vittosite\/wp-content\/uploads\/2025\/05\/CS-Vitto_Grissini_125g.png\",\"width\":900,\"height\":900,\"caption\":\"Classic grissini \u2013 Italian golden baked breadsticks\"},{\"@type\":\"BreadcrumbList\",\"@id\":\"https:\/\/vittofood.com\/fr\/produit\/snacks\/grissini-classiques\/#breadcrumb\",\"itemListElement\":[{\"@type\":\"ListItem\",\"position\":1,\"name\":\"Produits\",\"item\":\"https:\/\/vittofood.com\/fr\/produits\/\"},{\"@type\":\"ListItem\",\"position\":2,\"name\":\"Grissini classiques\"}]},{\"@type\":\"WebSite\",\"@id\":\"https:\/\/vittofood.com\/fr\/#website\",\"url\":\"https:\/\/vittofood.com\/fr\/\",\"name\":\"Vitto | In love with food\",\"description\":\"It\u2019s easy to express your Italian side!\",\"potentialAction\":[{\"@type\":\"SearchAction\",\"target\":{\"@type\":\"EntryPoint\",\"urlTemplate\":\"https:\/\/vittofood.com\/fr\/?s={search_term_string}\"},\"query-input\":\"required name=search_term_string\"}],\"inLanguage\":\"fr-FR\"}]}<\/script>\n<!-- \/ Yoast SEO plugin. -->","yoast_head_json":{"title":"Grissini italiens classiques \u2013 Gressins traditionnels | Vitto | In love with food","description":"Grissini dor\u00e9s et croustillants pr\u00e9par\u00e9s selon la tradition italienne. Un gressin polyvalent, parfait pour les antipasti et les assortiments de snacks.","robots":{"index":"index","follow":"follow","max-snippet":"max-snippet:-1","max-image-preview":"max-image-preview:large","max-video-preview":"max-video-preview:-1"},"canonical":"https:\/\/vittofood.com\/fr\/produit\/snacks\/grissini-classiques\/","og_locale":"fr_FR","og_type":"article","og_title":"Grissini italiens classiques \u2013 Gressins traditionnels | Vitto | In love with food","og_description":"Grissini dor\u00e9s et croustillants pr\u00e9par\u00e9s selon la tradition italienne. Un gressin polyvalent, parfait pour les antipasti et les assortiments de snacks.","og_url":"https:\/\/vittofood.com\/fr\/produit\/snacks\/grissini-classiques\/","og_site_name":"Vitto | In love with food","article_modified_time":"2026-01-26T23:30:17+00:00","og_image":[{"width":900,"height":900,"url":"https:\/\/vittofood.com\/vittosite\/wp-content\/uploads\/2025\/05\/CS-Vitto_Grissini_125g.png","type":"image\/png"}],"twitter_card":"summary_large_image","twitter_misc":{"Est. reading time":"1 minute"},"schema":{"@context":"https:\/\/schema.org","@graph":[{"@type":"WebPage","@id":"https:\/\/vittofood.com\/fr\/produit\/snacks\/grissini-classiques\/","url":"https:\/\/vittofood.com\/fr\/produit\/snacks\/grissini-classiques\/","name":"Grissini italiens classiques \u2013 Gressins traditionnels | Vitto | In love with food","isPartOf":{"@id":"https:\/\/vittofood.com\/fr\/#website"},"primaryImageOfPage":{"@id":"https:\/\/vittofood.com\/fr\/produit\/snacks\/grissini-classiques\/#primaryimage"},"image":{"@id":"https:\/\/vittofood.com\/fr\/produit\/snacks\/grissini-classiques\/#primaryimage"},"thumbnailUrl":"https:\/\/vittofood.com\/vittosite\/wp-content\/uploads\/2025\/05\/CS-Vitto_Grissini_125g.png","datePublished":"2025-05-30T14:31:55+00:00","dateModified":"2026-01-26T23:30:17+00:00","description":"Grissini dor\u00e9s et croustillants pr\u00e9par\u00e9s selon la tradition italienne. Un gressin polyvalent, parfait pour les antipasti et les assortiments de snacks.","breadcrumb":{"@id":"https:\/\/vittofood.com\/fr\/produit\/snacks\/grissini-classiques\/#breadcrumb"},"inLanguage":"fr-FR","potentialAction":[{"@type":"ReadAction","target":["https:\/\/vittofood.com\/fr\/produit\/snacks\/grissini-classiques\/"]}]},{"@type":"ImageObject","inLanguage":"fr-FR","@id":"https:\/\/vittofood.com\/fr\/produit\/snacks\/grissini-classiques\/#primaryimage","url":"https:\/\/vittofood.com\/vittosite\/wp-content\/uploads\/2025\/05\/CS-Vitto_Grissini_125g.png","contentUrl":"https:\/\/vittofood.com\/vittosite\/wp-content\/uploads\/2025\/05\/CS-Vitto_Grissini_125g.png","width":900,"height":900,"caption":"Classic grissini \u2013 Italian golden baked breadsticks"},{"@type":"BreadcrumbList","@id":"https:\/\/vittofood.com\/fr\/produit\/snacks\/grissini-classiques\/#breadcrumb","itemListElement":[{"@type":"ListItem","position":1,"name":"Produits","item":"https:\/\/vittofood.com\/fr\/produits\/"},{"@type":"ListItem","position":2,"name":"Grissini classiques"}]},{"@type":"WebSite","@id":"https:\/\/vittofood.com\/fr\/#website","url":"https:\/\/vittofood.com\/fr\/","name":"Vitto | In love with food","description":"It\u2019s easy to express your Italian side!","potentialAction":[{"@type":"SearchAction","target":{"@type":"EntryPoint","urlTemplate":"https:\/\/vittofood.com\/fr\/?s={search_term_string}"},"query-input":"required name=search_term_string"}],"inLanguage":"fr-FR"}]}},"_links":{"self":[{"href":"https:\/\/vittofood.com\/fr\/wp-json\/wp\/v2\/product\/2435","targetHints":{"allow":["GET"]}}],"collection":[{"href":"https:\/\/vittofood.com\/fr\/wp-json\/wp\/v2\/product"}],"about":[{"href":"https:\/\/vittofood.com\/fr\/wp-json\/wp\/v2\/types\/product"}],"replies":[{"embeddable":true,"href":"https:\/\/vittofood.com\/fr\/wp-json\/wp\/v2\/comments?post=2435"}],"wp:featuredmedia":[{"embeddable":true,"href":"https:\/\/vittofood.com\/fr\/wp-json\/wp\/v2\/media\/2437"}],"wp:attachment":[{"href":"https:\/\/vittofood.com\/fr\/wp-json\/wp\/v2\/media?parent=2435"}],"wp:term":[{"taxonomy":"product_cat","embeddable":true,"href":"https:\/\/vittofood.com\/fr\/wp-json\/wp\/v2\/product_cat?post=2435"},{"taxonomy":"product_tag","embeddable":true,"href":"https:\/\/vittofood.com\/fr\/wp-json\/wp\/v2\/product_tag?post=2435"}],"curies":[{"name":"wp","href":"https:\/\/api.w.org\/{rel}","templated":true}]}}