{"id":2442,"date":"2025-05-30T16:31:55","date_gmt":"2025-05-30T14:31:55","guid":{"rendered":"https:\/\/vittofood.com\/?post_type=product&#038;p=2442"},"modified":"2026-01-27T00:32:25","modified_gmt":"2026-01-26T23:32:25","slug":"taralli-au-fenouil","status":"publish","type":"product","link":"https:\/\/vittofood.com\/fr\/produit\/snacks\/taralli-au-fenouil\/","title":{"rendered":"Taralli au fenouil"},"content":{"rendered":"<p>Snacks italiens croustillants en forme d'anneaux, aromatis\u00e9s aux graines de fenouil. Id\u00e9aux pour l'ap\u00e9ritif, les assortiments de charcuterie ou comme en-cas.<\/p>\n","protected":false},"excerpt":{"rendered":"<p>Taralli aux graines de fenouil<\/p>\n","protected":false},"featured_media":2446,"comment_status":"closed","ping_status":"closed","template":"","meta":{"_acf_changed":false},"product_cat":[110],"product_tag":[118,119,122,123],"class_list":{"0":"post-2442","1":"product","2":"type-product","3":"status-publish","4":"has-post-thumbnail","6":"product_cat-snacks","7":"product_tag-sans-produits-laitiers","8":"product_tag-sans-oeufs","9":"product_tag-vegetalien","10":"product_tag-vegetarien","12":"first","13":"instock","14":"product-type-simple"},"acf":[],"yoast_head":"<!-- This site is optimized with the Yoast SEO plugin v22.3 - https:\/\/yoast.com\/wordpress\/plugins\/seo\/ -->\n<title>Taralli italiens au fenouil \u2013 Snack ap\u00e9ritif croustillant | Vitto | In love with food<\/title>\n<meta name=\"description\" content=\"Taralli italiens en forme d&#039;anneau aromatis\u00e9s aux graines de fenouil. Croustillants, sans levure et parfaits pour l&#039;ap\u00e9ritif et les assortiments de snacks.\" \/>\n<meta name=\"robots\" content=\"index, follow, max-snippet:-1, max-image-preview:large, max-video-preview:-1\" \/>\n<link rel=\"canonical\" href=\"https:\/\/vittofood.com\/fr\/produit\/snacks\/taralli-au-fenouil\/\" \/>\n<meta property=\"og:locale\" content=\"fr_FR\" \/>\n<meta property=\"og:type\" content=\"article\" \/>\n<meta property=\"og:title\" content=\"Taralli italiens au fenouil \u2013 Snack ap\u00e9ritif croustillant | Vitto | In love with food\" \/>\n<meta property=\"og:description\" content=\"Taralli italiens en forme d&#039;anneau aromatis\u00e9s aux graines de fenouil. Croustillants, sans levure et parfaits pour l&#039;ap\u00e9ritif et les assortiments de snacks.\" \/>\n<meta property=\"og:url\" content=\"https:\/\/vittofood.com\/fr\/produit\/snacks\/taralli-au-fenouil\/\" \/>\n<meta property=\"og:site_name\" content=\"Vitto | In love with food\" \/>\n<meta property=\"article:modified_time\" content=\"2026-01-26T23:32:25+00:00\" \/>\n<meta property=\"og:image\" content=\"https:\/\/vittofood.com\/vittosite\/wp-content\/uploads\/2025\/05\/CS-VITTO_Taralli-Fennel_400g.png\" \/>\n\t<meta property=\"og:image:width\" content=\"900\" \/>\n\t<meta property=\"og:image:height\" content=\"900\" \/>\n\t<meta property=\"og:image:type\" content=\"image\/png\" \/>\n<meta name=\"twitter:card\" content=\"summary_large_image\" \/>\n<meta name=\"twitter:label1\" content=\"Est. reading time\" \/>\n\t<meta name=\"twitter:data1\" content=\"1 minute\" \/>\n<script type=\"application\/ld+json\" class=\"yoast-schema-graph\">{\"@context\":\"https:\/\/schema.org\",\"@graph\":[{\"@type\":\"WebPage\",\"@id\":\"https:\/\/vittofood.com\/fr\/produit\/snacks\/taralli-au-fenouil\/\",\"url\":\"https:\/\/vittofood.com\/fr\/produit\/snacks\/taralli-au-fenouil\/\",\"name\":\"Taralli italiens au fenouil \u2013 Snack ap\u00e9ritif croustillant | Vitto | In love with food\",\"isPartOf\":{\"@id\":\"https:\/\/vittofood.com\/fr\/#website\"},\"primaryImageOfPage\":{\"@id\":\"https:\/\/vittofood.com\/fr\/produit\/snacks\/taralli-au-fenouil\/#primaryimage\"},\"image\":{\"@id\":\"https:\/\/vittofood.com\/fr\/produit\/snacks\/taralli-au-fenouil\/#primaryimage\"},\"thumbnailUrl\":\"https:\/\/vittofood.com\/vittosite\/wp-content\/uploads\/2025\/05\/CS-VITTO_Taralli-Fennel_400g.png\",\"datePublished\":\"2025-05-30T14:31:55+00:00\",\"dateModified\":\"2026-01-26T23:32:25+00:00\",\"description\":\"Taralli italiens en forme d'anneau aromatis\u00e9s aux graines de fenouil. Croustillants, sans levure et parfaits pour l'ap\u00e9ritif et les assortiments de snacks.\",\"breadcrumb\":{\"@id\":\"https:\/\/vittofood.com\/fr\/produit\/snacks\/taralli-au-fenouil\/#breadcrumb\"},\"inLanguage\":\"fr-FR\",\"potentialAction\":[{\"@type\":\"ReadAction\",\"target\":[\"https:\/\/vittofood.com\/fr\/produit\/snacks\/taralli-au-fenouil\/\"]}]},{\"@type\":\"ImageObject\",\"inLanguage\":\"fr-FR\",\"@id\":\"https:\/\/vittofood.com\/fr\/produit\/snacks\/taralli-au-fenouil\/#primaryimage\",\"url\":\"https:\/\/vittofood.com\/vittosite\/wp-content\/uploads\/2025\/05\/CS-VITTO_Taralli-Fennel_400g.png\",\"contentUrl\":\"https:\/\/vittofood.com\/vittosite\/wp-content\/uploads\/2025\/05\/CS-VITTO_Taralli-Fennel_400g.png\",\"width\":900,\"height\":900,\"caption\":\"Fennel taralli \u2013 Italian ring-shaped aperitivo snacks\"},{\"@type\":\"BreadcrumbList\",\"@id\":\"https:\/\/vittofood.com\/fr\/produit\/snacks\/taralli-au-fenouil\/#breadcrumb\",\"itemListElement\":[{\"@type\":\"ListItem\",\"position\":1,\"name\":\"Produits\",\"item\":\"https:\/\/vittofood.com\/fr\/produits\/\"},{\"@type\":\"ListItem\",\"position\":2,\"name\":\"Taralli au fenouil\"}]},{\"@type\":\"WebSite\",\"@id\":\"https:\/\/vittofood.com\/fr\/#website\",\"url\":\"https:\/\/vittofood.com\/fr\/\",\"name\":\"Vitto | In love with food\",\"description\":\"It\u2019s easy to express your Italian side!\",\"potentialAction\":[{\"@type\":\"SearchAction\",\"target\":{\"@type\":\"EntryPoint\",\"urlTemplate\":\"https:\/\/vittofood.com\/fr\/?s={search_term_string}\"},\"query-input\":\"required name=search_term_string\"}],\"inLanguage\":\"fr-FR\"}]}<\/script>\n<!-- \/ Yoast SEO plugin. -->","yoast_head_json":{"title":"Taralli italiens au fenouil \u2013 Snack ap\u00e9ritif croustillant | Vitto | In love with food","description":"Taralli italiens en forme d'anneau aromatis\u00e9s aux graines de fenouil. Croustillants, sans levure et parfaits pour l'ap\u00e9ritif et les assortiments de snacks.","robots":{"index":"index","follow":"follow","max-snippet":"max-snippet:-1","max-image-preview":"max-image-preview:large","max-video-preview":"max-video-preview:-1"},"canonical":"https:\/\/vittofood.com\/fr\/produit\/snacks\/taralli-au-fenouil\/","og_locale":"fr_FR","og_type":"article","og_title":"Taralli italiens au fenouil \u2013 Snack ap\u00e9ritif croustillant | Vitto | In love with food","og_description":"Taralli italiens en forme d'anneau aromatis\u00e9s aux graines de fenouil. Croustillants, sans levure et parfaits pour l'ap\u00e9ritif et les assortiments de snacks.","og_url":"https:\/\/vittofood.com\/fr\/produit\/snacks\/taralli-au-fenouil\/","og_site_name":"Vitto | In love with food","article_modified_time":"2026-01-26T23:32:25+00:00","og_image":[{"width":900,"height":900,"url":"https:\/\/vittofood.com\/vittosite\/wp-content\/uploads\/2025\/05\/CS-VITTO_Taralli-Fennel_400g.png","type":"image\/png"}],"twitter_card":"summary_large_image","twitter_misc":{"Est. reading time":"1 minute"},"schema":{"@context":"https:\/\/schema.org","@graph":[{"@type":"WebPage","@id":"https:\/\/vittofood.com\/fr\/produit\/snacks\/taralli-au-fenouil\/","url":"https:\/\/vittofood.com\/fr\/produit\/snacks\/taralli-au-fenouil\/","name":"Taralli italiens au fenouil \u2013 Snack ap\u00e9ritif croustillant | Vitto | In love with food","isPartOf":{"@id":"https:\/\/vittofood.com\/fr\/#website"},"primaryImageOfPage":{"@id":"https:\/\/vittofood.com\/fr\/produit\/snacks\/taralli-au-fenouil\/#primaryimage"},"image":{"@id":"https:\/\/vittofood.com\/fr\/produit\/snacks\/taralli-au-fenouil\/#primaryimage"},"thumbnailUrl":"https:\/\/vittofood.com\/vittosite\/wp-content\/uploads\/2025\/05\/CS-VITTO_Taralli-Fennel_400g.png","datePublished":"2025-05-30T14:31:55+00:00","dateModified":"2026-01-26T23:32:25+00:00","description":"Taralli italiens en forme d'anneau aromatis\u00e9s aux graines de fenouil. Croustillants, sans levure et parfaits pour l'ap\u00e9ritif et les assortiments de snacks.","breadcrumb":{"@id":"https:\/\/vittofood.com\/fr\/produit\/snacks\/taralli-au-fenouil\/#breadcrumb"},"inLanguage":"fr-FR","potentialAction":[{"@type":"ReadAction","target":["https:\/\/vittofood.com\/fr\/produit\/snacks\/taralli-au-fenouil\/"]}]},{"@type":"ImageObject","inLanguage":"fr-FR","@id":"https:\/\/vittofood.com\/fr\/produit\/snacks\/taralli-au-fenouil\/#primaryimage","url":"https:\/\/vittofood.com\/vittosite\/wp-content\/uploads\/2025\/05\/CS-VITTO_Taralli-Fennel_400g.png","contentUrl":"https:\/\/vittofood.com\/vittosite\/wp-content\/uploads\/2025\/05\/CS-VITTO_Taralli-Fennel_400g.png","width":900,"height":900,"caption":"Fennel taralli \u2013 Italian ring-shaped aperitivo snacks"},{"@type":"BreadcrumbList","@id":"https:\/\/vittofood.com\/fr\/produit\/snacks\/taralli-au-fenouil\/#breadcrumb","itemListElement":[{"@type":"ListItem","position":1,"name":"Produits","item":"https:\/\/vittofood.com\/fr\/produits\/"},{"@type":"ListItem","position":2,"name":"Taralli au fenouil"}]},{"@type":"WebSite","@id":"https:\/\/vittofood.com\/fr\/#website","url":"https:\/\/vittofood.com\/fr\/","name":"Vitto | In love with food","description":"It\u2019s easy to express your Italian side!","potentialAction":[{"@type":"SearchAction","target":{"@type":"EntryPoint","urlTemplate":"https:\/\/vittofood.com\/fr\/?s={search_term_string}"},"query-input":"required name=search_term_string"}],"inLanguage":"fr-FR"}]}},"_links":{"self":[{"href":"https:\/\/vittofood.com\/fr\/wp-json\/wp\/v2\/product\/2442","targetHints":{"allow":["GET"]}}],"collection":[{"href":"https:\/\/vittofood.com\/fr\/wp-json\/wp\/v2\/product"}],"about":[{"href":"https:\/\/vittofood.com\/fr\/wp-json\/wp\/v2\/types\/product"}],"replies":[{"embeddable":true,"href":"https:\/\/vittofood.com\/fr\/wp-json\/wp\/v2\/comments?post=2442"}],"wp:featuredmedia":[{"embeddable":true,"href":"https:\/\/vittofood.com\/fr\/wp-json\/wp\/v2\/media\/2446"}],"wp:attachment":[{"href":"https:\/\/vittofood.com\/fr\/wp-json\/wp\/v2\/media?parent=2442"}],"wp:term":[{"taxonomy":"product_cat","embeddable":true,"href":"https:\/\/vittofood.com\/fr\/wp-json\/wp\/v2\/product_cat?post=2442"},{"taxonomy":"product_tag","embeddable":true,"href":"https:\/\/vittofood.com\/fr\/wp-json\/wp\/v2\/product_tag?post=2442"}],"curies":[{"name":"wp","href":"https:\/\/api.w.org\/{rel}","templated":true}]}}