{"id":2455,"date":"2025-05-30T16:31:55","date_gmt":"2025-05-30T14:31:55","guid":{"rendered":"https:\/\/vittofood.com\/?post_type=product&#038;p=2455"},"modified":"2026-01-27T00:37:05","modified_gmt":"2026-01-26T23:37:05","slug":"taralli-classiques","status":"publish","type":"product","link":"https:\/\/vittofood.com\/fr\/produit\/snacks\/taralli-classiques\/","title":{"rendered":"Taralli classiques"},"content":{"rendered":"<p>Snacks italiens intemporels en forme d'anneau, pr\u00e9par\u00e9s avec des ingr\u00e9dients simples et de l'huile d'olive extra vierge. Croustillants, sans levure et polyvalents.<\/p>\n","protected":false},"excerpt":{"rendered":"<p>Taralli italiens traditionnels<\/p>\n","protected":false},"featured_media":2458,"comment_status":"closed","ping_status":"closed","template":"","meta":{"_acf_changed":false},"product_cat":[110],"product_tag":[118,119,122,123],"class_list":{"0":"post-2455","1":"product","2":"type-product","3":"status-publish","4":"has-post-thumbnail","6":"product_cat-snacks","7":"product_tag-sans-produits-laitiers","8":"product_tag-sans-oeufs","9":"product_tag-vegetalien","10":"product_tag-vegetarien","12":"first","13":"instock","14":"product-type-simple"},"acf":[],"yoast_head":"<!-- This site is optimized with the Yoast SEO plugin v22.3 - https:\/\/yoast.com\/wordpress\/plugins\/seo\/ -->\n<title>Taralli italiens classiques \u2013 Snack traditionnel cuit au four | Vitto | In love with food<\/title>\n<meta name=\"description\" content=\"Taralli italiens dor\u00e9s et croustillants pr\u00e9par\u00e9s avec des ingr\u00e9dients simples. Sans levure, ils sont parfaits pour l&#039;ap\u00e9ritif, la charcuterie ou les snacks.\" \/>\n<meta name=\"robots\" content=\"index, follow, max-snippet:-1, max-image-preview:large, max-video-preview:-1\" \/>\n<link rel=\"canonical\" href=\"https:\/\/vittofood.com\/fr\/produit\/snacks\/taralli-classiques\/\" \/>\n<meta property=\"og:locale\" content=\"fr_FR\" \/>\n<meta property=\"og:type\" content=\"article\" \/>\n<meta property=\"og:title\" content=\"Taralli italiens classiques \u2013 Snack traditionnel cuit au four | Vitto | In love with food\" \/>\n<meta property=\"og:description\" content=\"Taralli italiens dor\u00e9s et croustillants pr\u00e9par\u00e9s avec des ingr\u00e9dients simples. Sans levure, ils sont parfaits pour l&#039;ap\u00e9ritif, la charcuterie ou les snacks.\" \/>\n<meta property=\"og:url\" content=\"https:\/\/vittofood.com\/fr\/produit\/snacks\/taralli-classiques\/\" \/>\n<meta property=\"og:site_name\" content=\"Vitto | In love with food\" \/>\n<meta property=\"article:modified_time\" content=\"2026-01-26T23:37:05+00:00\" \/>\n<meta property=\"og:image\" content=\"https:\/\/vittofood.com\/vittosite\/wp-content\/uploads\/2025\/05\/CS-VITTO_Taralli-Classici_400g.png\" \/>\n\t<meta property=\"og:image:width\" content=\"900\" \/>\n\t<meta property=\"og:image:height\" content=\"900\" \/>\n\t<meta property=\"og:image:type\" content=\"image\/png\" \/>\n<meta name=\"twitter:card\" content=\"summary_large_image\" \/>\n<meta name=\"twitter:label1\" content=\"Est. reading time\" \/>\n\t<meta name=\"twitter:data1\" content=\"1 minute\" \/>\n<script type=\"application\/ld+json\" class=\"yoast-schema-graph\">{\"@context\":\"https:\/\/schema.org\",\"@graph\":[{\"@type\":\"WebPage\",\"@id\":\"https:\/\/vittofood.com\/fr\/produit\/snacks\/taralli-classiques\/\",\"url\":\"https:\/\/vittofood.com\/fr\/produit\/snacks\/taralli-classiques\/\",\"name\":\"Taralli italiens classiques \u2013 Snack traditionnel cuit au four | Vitto | In love with food\",\"isPartOf\":{\"@id\":\"https:\/\/vittofood.com\/fr\/#website\"},\"primaryImageOfPage\":{\"@id\":\"https:\/\/vittofood.com\/fr\/produit\/snacks\/taralli-classiques\/#primaryimage\"},\"image\":{\"@id\":\"https:\/\/vittofood.com\/fr\/produit\/snacks\/taralli-classiques\/#primaryimage\"},\"thumbnailUrl\":\"https:\/\/vittofood.com\/vittosite\/wp-content\/uploads\/2025\/05\/CS-VITTO_Taralli-Classici_400g.png\",\"datePublished\":\"2025-05-30T14:31:55+00:00\",\"dateModified\":\"2026-01-26T23:37:05+00:00\",\"description\":\"Taralli italiens dor\u00e9s et croustillants pr\u00e9par\u00e9s avec des ingr\u00e9dients simples. Sans levure, ils sont parfaits pour l'ap\u00e9ritif, la charcuterie ou les snacks.\",\"breadcrumb\":{\"@id\":\"https:\/\/vittofood.com\/fr\/produit\/snacks\/taralli-classiques\/#breadcrumb\"},\"inLanguage\":\"fr-FR\",\"potentialAction\":[{\"@type\":\"ReadAction\",\"target\":[\"https:\/\/vittofood.com\/fr\/produit\/snacks\/taralli-classiques\/\"]}]},{\"@type\":\"ImageObject\",\"inLanguage\":\"fr-FR\",\"@id\":\"https:\/\/vittofood.com\/fr\/produit\/snacks\/taralli-classiques\/#primaryimage\",\"url\":\"https:\/\/vittofood.com\/vittosite\/wp-content\/uploads\/2025\/05\/CS-VITTO_Taralli-Classici_400g.png\",\"contentUrl\":\"https:\/\/vittofood.com\/vittosite\/wp-content\/uploads\/2025\/05\/CS-VITTO_Taralli-Classici_400g.png\",\"width\":900,\"height\":900,\"caption\":\"Classic taralli \u2013 traditional Italian crisp baked snacks\"},{\"@type\":\"BreadcrumbList\",\"@id\":\"https:\/\/vittofood.com\/fr\/produit\/snacks\/taralli-classiques\/#breadcrumb\",\"itemListElement\":[{\"@type\":\"ListItem\",\"position\":1,\"name\":\"Produits\",\"item\":\"https:\/\/vittofood.com\/fr\/produits\/\"},{\"@type\":\"ListItem\",\"position\":2,\"name\":\"Taralli classiques\"}]},{\"@type\":\"WebSite\",\"@id\":\"https:\/\/vittofood.com\/fr\/#website\",\"url\":\"https:\/\/vittofood.com\/fr\/\",\"name\":\"Vitto | In love with food\",\"description\":\"It\u2019s easy to express your Italian side!\",\"potentialAction\":[{\"@type\":\"SearchAction\",\"target\":{\"@type\":\"EntryPoint\",\"urlTemplate\":\"https:\/\/vittofood.com\/fr\/?s={search_term_string}\"},\"query-input\":\"required name=search_term_string\"}],\"inLanguage\":\"fr-FR\"}]}<\/script>\n<!-- \/ Yoast SEO plugin. -->","yoast_head_json":{"title":"Taralli italiens classiques \u2013 Snack traditionnel cuit au four | Vitto | In love with food","description":"Taralli italiens dor\u00e9s et croustillants pr\u00e9par\u00e9s avec des ingr\u00e9dients simples. Sans levure, ils sont parfaits pour l'ap\u00e9ritif, la charcuterie ou les snacks.","robots":{"index":"index","follow":"follow","max-snippet":"max-snippet:-1","max-image-preview":"max-image-preview:large","max-video-preview":"max-video-preview:-1"},"canonical":"https:\/\/vittofood.com\/fr\/produit\/snacks\/taralli-classiques\/","og_locale":"fr_FR","og_type":"article","og_title":"Taralli italiens classiques \u2013 Snack traditionnel cuit au four | Vitto | In love with food","og_description":"Taralli italiens dor\u00e9s et croustillants pr\u00e9par\u00e9s avec des ingr\u00e9dients simples. Sans levure, ils sont parfaits pour l'ap\u00e9ritif, la charcuterie ou les snacks.","og_url":"https:\/\/vittofood.com\/fr\/produit\/snacks\/taralli-classiques\/","og_site_name":"Vitto | In love with food","article_modified_time":"2026-01-26T23:37:05+00:00","og_image":[{"width":900,"height":900,"url":"https:\/\/vittofood.com\/vittosite\/wp-content\/uploads\/2025\/05\/CS-VITTO_Taralli-Classici_400g.png","type":"image\/png"}],"twitter_card":"summary_large_image","twitter_misc":{"Est. reading time":"1 minute"},"schema":{"@context":"https:\/\/schema.org","@graph":[{"@type":"WebPage","@id":"https:\/\/vittofood.com\/fr\/produit\/snacks\/taralli-classiques\/","url":"https:\/\/vittofood.com\/fr\/produit\/snacks\/taralli-classiques\/","name":"Taralli italiens classiques \u2013 Snack traditionnel cuit au four | Vitto | In love with food","isPartOf":{"@id":"https:\/\/vittofood.com\/fr\/#website"},"primaryImageOfPage":{"@id":"https:\/\/vittofood.com\/fr\/produit\/snacks\/taralli-classiques\/#primaryimage"},"image":{"@id":"https:\/\/vittofood.com\/fr\/produit\/snacks\/taralli-classiques\/#primaryimage"},"thumbnailUrl":"https:\/\/vittofood.com\/vittosite\/wp-content\/uploads\/2025\/05\/CS-VITTO_Taralli-Classici_400g.png","datePublished":"2025-05-30T14:31:55+00:00","dateModified":"2026-01-26T23:37:05+00:00","description":"Taralli italiens dor\u00e9s et croustillants pr\u00e9par\u00e9s avec des ingr\u00e9dients simples. Sans levure, ils sont parfaits pour l'ap\u00e9ritif, la charcuterie ou les snacks.","breadcrumb":{"@id":"https:\/\/vittofood.com\/fr\/produit\/snacks\/taralli-classiques\/#breadcrumb"},"inLanguage":"fr-FR","potentialAction":[{"@type":"ReadAction","target":["https:\/\/vittofood.com\/fr\/produit\/snacks\/taralli-classiques\/"]}]},{"@type":"ImageObject","inLanguage":"fr-FR","@id":"https:\/\/vittofood.com\/fr\/produit\/snacks\/taralli-classiques\/#primaryimage","url":"https:\/\/vittofood.com\/vittosite\/wp-content\/uploads\/2025\/05\/CS-VITTO_Taralli-Classici_400g.png","contentUrl":"https:\/\/vittofood.com\/vittosite\/wp-content\/uploads\/2025\/05\/CS-VITTO_Taralli-Classici_400g.png","width":900,"height":900,"caption":"Classic taralli \u2013 traditional Italian crisp baked snacks"},{"@type":"BreadcrumbList","@id":"https:\/\/vittofood.com\/fr\/produit\/snacks\/taralli-classiques\/#breadcrumb","itemListElement":[{"@type":"ListItem","position":1,"name":"Produits","item":"https:\/\/vittofood.com\/fr\/produits\/"},{"@type":"ListItem","position":2,"name":"Taralli classiques"}]},{"@type":"WebSite","@id":"https:\/\/vittofood.com\/fr\/#website","url":"https:\/\/vittofood.com\/fr\/","name":"Vitto | In love with food","description":"It\u2019s easy to express your Italian side!","potentialAction":[{"@type":"SearchAction","target":{"@type":"EntryPoint","urlTemplate":"https:\/\/vittofood.com\/fr\/?s={search_term_string}"},"query-input":"required name=search_term_string"}],"inLanguage":"fr-FR"}]}},"_links":{"self":[{"href":"https:\/\/vittofood.com\/fr\/wp-json\/wp\/v2\/product\/2455","targetHints":{"allow":["GET"]}}],"collection":[{"href":"https:\/\/vittofood.com\/fr\/wp-json\/wp\/v2\/product"}],"about":[{"href":"https:\/\/vittofood.com\/fr\/wp-json\/wp\/v2\/types\/product"}],"replies":[{"embeddable":true,"href":"https:\/\/vittofood.com\/fr\/wp-json\/wp\/v2\/comments?post=2455"}],"wp:featuredmedia":[{"embeddable":true,"href":"https:\/\/vittofood.com\/fr\/wp-json\/wp\/v2\/media\/2458"}],"wp:attachment":[{"href":"https:\/\/vittofood.com\/fr\/wp-json\/wp\/v2\/media?parent=2455"}],"wp:term":[{"taxonomy":"product_cat","embeddable":true,"href":"https:\/\/vittofood.com\/fr\/wp-json\/wp\/v2\/product_cat?post=2455"},{"taxonomy":"product_tag","embeddable":true,"href":"https:\/\/vittofood.com\/fr\/wp-json\/wp\/v2\/product_tag?post=2455"}],"curies":[{"name":"wp","href":"https:\/\/api.w.org\/{rel}","templated":true}]}}